{"id":92787,"date":"2019-07-11T13:53:09","date_gmt":"2019-07-11T13:53:09","guid":{"rendered":"https:\/\/www.3p-gmbh.de\/produkt\/espectrometro-de-barrido-spectrojet-techkon\/"},"modified":"2019-07-11T13:53:09","modified_gmt":"2019-07-11T13:53:09","slug":"espectrometro-de-barrido","status":"publish","type":"product","link":"https:\/\/www.3p-gmbh.de\/es\/produkt\/espectrometro-de-barrido\/","title":{"rendered":"Espectr\u00f3metro de barrido SpectroJet Techkon"},"content":{"rendered":"<p>El espectr\u00f3metro de barrido SpectroJet de Techkon revoluciona la medici\u00f3n autom\u00e1tica de densidades, ganancias de punto y valores colorim\u00e9tricos en cualquier tira de control de impresi\u00f3n. El dispositivo de medici\u00f3n se pasa simplemente a mano sobre los elementos de medici\u00f3n. Los rodillos gu\u00eda de la base de la unidad garantizan una marcha recta segura.<br \/>\nSpectroJet est\u00e1 equipado con un sensor espectral de alta resoluci\u00f3n que dispone de un filtro de polarizaci\u00f3n retr\u00e1ctil autom\u00e1ticamente, tal y como especifica la norma ISO. Los datos de medici\u00f3n pueden exportarse c\u00f3modamente a otros programas inform\u00e1ticos. El dispositivo de medici\u00f3n es ideal para controlar y regular la aplicaci\u00f3n de tinta en las m\u00e1quinas de impresi\u00f3n y, de este modo, sirve para acortar los tiempos de puesta a punto, reducir el desperdicio de papel y mejorar la calidad de impresi\u00f3n.<\/p>\n<p>Volumen de suministro:<\/p>\n<ul>\n<li>Espectr\u00f3metro de barrido SpectroJet Basic con fuente de alimentaci\u00f3n, patr\u00f3n blanco y cable de datos en un malet\u00edn para aparatos<\/li>\n<\/ul>\n<p>Opcional por un cargo adicional:<\/p>\n<ul>\n<li>ExPresso Software B\u00e1sico<\/li>\n<li>Carril de alimentaci\u00f3n Spectro Track (varias anchuras)<\/li>\n<\/ul>\n","protected":false},"excerpt":{"rendered":"<p>El espectr\u00f3metro de barrido SpectroJet de Techkon revoluciona la medici\u00f3n autom\u00e1tica de densidades, ganancias de punto y valores colorim\u00e9tricos en cualquier tira de control de impresi\u00f3n. El dispositivo de medici\u00f3n se pasa simplemente a mano sobre los elementos de medici\u00f3n. Los rodillos gu\u00eda de la base de la unidad garantizan una marcha recta segura. SpectroJet [&hellip;]<\/p>\n","protected":false},"featured_media":64288,"template":"","meta":[],"product_brand":[],"product_cat":[2933],"product_tag":[],"class_list":{"0":"post-92787","1":"product","2":"type-product","3":"status-publish","4":"has-post-thumbnail","6":"product_cat-instrumentos-de-medida-y-control-de-calidad","7":"pa_baujahr-145","8":"pa_hersteller-techkon","9":"pa_typ-spectrojet","11":"first","12":"instock","13":"sold-individually","14":"taxable","15":"shipping-taxable","16":"purchasable","17":"product-type-simple"},"jetpack_sharing_enabled":true,"_links":{"self":[{"href":"https:\/\/www.3p-gmbh.de\/es\/wp-json\/wp\/v2\/product\/92787","targetHints":{"allow":["GET"]}}],"collection":[{"href":"https:\/\/www.3p-gmbh.de\/es\/wp-json\/wp\/v2\/product"}],"about":[{"href":"https:\/\/www.3p-gmbh.de\/es\/wp-json\/wp\/v2\/types\/product"}],"wp:featuredmedia":[{"embeddable":true,"href":"https:\/\/www.3p-gmbh.de\/es\/wp-json\/wp\/v2\/media\/64288"}],"wp:attachment":[{"href":"https:\/\/www.3p-gmbh.de\/es\/wp-json\/wp\/v2\/media?parent=92787"}],"wp:term":[{"taxonomy":"product_brand","embeddable":true,"href":"https:\/\/www.3p-gmbh.de\/es\/wp-json\/wp\/v2\/product_brand?post=92787"},{"taxonomy":"product_cat","embeddable":true,"href":"https:\/\/www.3p-gmbh.de\/es\/wp-json\/wp\/v2\/product_cat?post=92787"},{"taxonomy":"product_tag","embeddable":true,"href":"https:\/\/www.3p-gmbh.de\/es\/wp-json\/wp\/v2\/product_tag?post=92787"}],"curies":[{"name":"wp","href":"https:\/\/api.w.org\/{rel}","templated":true}]}}