{"id":92784,"date":"2019-07-11T13:53:09","date_gmt":"2019-07-11T13:53:09","guid":{"rendered":"https:\/\/www.3p-gmbh.de\/produkt\/duplicadora-foellmer-ok-90-con-insertador-de-tiras-suptramat\/"},"modified":"2019-07-11T13:53:09","modified_gmt":"2019-07-11T13:53:09","slug":"dispositivo-de-imposicion-de-franjas","status":"publish","type":"product","link":"https:\/\/www.3p-gmbh.de\/es\/produkt\/dispositivo-de-imposicion-de-franjas\/","title":{"rendered":"Duplicadora Foellmer OK 90 con insertador de tiras Suptramat"},"content":{"rendered":"<p><strong>Duplicadora Foellmer OK 90 con insertador de tiras Suptramat<\/strong><br \/>\n<strong>desde 2006<br \/>\n<\/strong><br \/>\nTransmisi\u00f3n de impulsos a trav\u00e9s del microinterruptor del contador de la m\u00e1quina<br \/>\nSecuencia temporal: 0,9 seg. para tiras de 100 mm de longitud<br \/>\nLongitud de la tira: 100 mm<br \/>\nLongitud del conducto: 200 mm medidos desde el borde de la unidad (otras longitudes posibles bajo pedido)<br \/>\nTiempo de retenci\u00f3n de la tira: ajustable de forma continua de 0 a 30 seg.<br \/>\nEspacio necesario: 500 x 500 mm,<br \/>\nPeso de la unidad m\u00f3vil: 35 kg<br \/>\nConexi\u00f3n: 230 V, 50\/60 Hz<\/p>\n","protected":false},"excerpt":{"rendered":"<p>Duplicadora Foellmer OK 90 con insertador de tiras Suptramat desde 2006 Transmisi\u00f3n de impulsos a trav\u00e9s del microinterruptor del contador de la m\u00e1quina Secuencia temporal: 0,9 seg. para tiras de 100 mm de longitud Longitud de la tira: 100 mm Longitud del conducto: 200 mm medidos desde el borde de la unidad (otras longitudes posibles [&hellip;]<\/p>\n","protected":false},"featured_media":80715,"template":"","meta":[],"product_brand":[],"product_cat":[3005],"product_tag":[],"class_list":{"0":"post-92784","1":"product","2":"type-product","3":"status-publish","4":"has-post-thumbnail","6":"product_cat-maquinas-contadoras-de-papel","7":"pa_baujahr-127","8":"pa_hersteller-foellmer","9":"pa_typ-ok-90","11":"first","12":"instock","13":"sold-individually","14":"taxable","15":"shipping-taxable","16":"purchasable","17":"product-type-simple"},"jetpack_sharing_enabled":true,"_links":{"self":[{"href":"https:\/\/www.3p-gmbh.de\/es\/wp-json\/wp\/v2\/product\/92784","targetHints":{"allow":["GET"]}}],"collection":[{"href":"https:\/\/www.3p-gmbh.de\/es\/wp-json\/wp\/v2\/product"}],"about":[{"href":"https:\/\/www.3p-gmbh.de\/es\/wp-json\/wp\/v2\/types\/product"}],"wp:featuredmedia":[{"embeddable":true,"href":"https:\/\/www.3p-gmbh.de\/es\/wp-json\/wp\/v2\/media\/80715"}],"wp:attachment":[{"href":"https:\/\/www.3p-gmbh.de\/es\/wp-json\/wp\/v2\/media?parent=92784"}],"wp:term":[{"taxonomy":"product_brand","embeddable":true,"href":"https:\/\/www.3p-gmbh.de\/es\/wp-json\/wp\/v2\/product_brand?post=92784"},{"taxonomy":"product_cat","embeddable":true,"href":"https:\/\/www.3p-gmbh.de\/es\/wp-json\/wp\/v2\/product_cat?post=92784"},{"taxonomy":"product_tag","embeddable":true,"href":"https:\/\/www.3p-gmbh.de\/es\/wp-json\/wp\/v2\/product_tag?post=92784"}],"curies":[{"name":"wp","href":"https:\/\/api.w.org\/{rel}","templated":true}]}}