{"id":92773,"date":"2019-07-11T13:52:33","date_gmt":"2019-07-11T13:52:33","guid":{"rendered":"https:\/\/www.3p-gmbh.de\/produkt\/combinacion-de-unidades-basf-flint-cw-50-x-70-nyloprint\/"},"modified":"2019-07-11T13:52:33","modified_gmt":"2019-07-11T13:52:33","slug":"nyloprint-uv-setter","status":"publish","type":"product","link":"https:\/\/www.3p-gmbh.de\/es\/produkt\/nyloprint-uv-setter\/","title":{"rendered":"Combinaci\u00f3n de unidades BASF \/ Flint CW 50 x 70 Nyloprint"},"content":{"rendered":"<ul>\n<li>con arandela plana CW 50-70 cm<\/li>\n<li>con regulaci\u00f3n de la temperatura del agua de 20- 40\u00b0 C<\/li>\n<li>arandela osificadora con placa magn\u00e9tica para clich\u00e9s con soporte de acero<\/li>\n<li>Sistema de flujo de agua<\/li>\n<li>Ajuste autom\u00e1tico de la presi\u00f3n del cepillo para cualquier grosor de material<\/li>\n<\/ul>\n","protected":false},"excerpt":{"rendered":"<p>con arandela plana CW 50-70 cm con regulaci\u00f3n de la temperatura del agua de 20- 40\u00b0 C arandela osificadora con placa magn\u00e9tica para clich\u00e9s con soporte de acero Sistema de flujo de agua Ajuste autom\u00e1tico de la presi\u00f3n del cepillo para cualquier grosor de material<\/p>\n","protected":false},"featured_media":71452,"template":"","meta":[],"product_brand":[],"product_cat":[3086],"product_tag":[],"class_list":{"0":"post-92773","1":"product","2":"type-product","3":"status-publish","4":"has-post-thumbnail","6":"product_cat-serigrafia-flexografia-y-huecograbado","7":"pa_baujahr-127","8":"pa_hersteller-flint-group-basf","9":"pa_typ-cw-50x70","11":"first","12":"instock","13":"sold-individually","14":"taxable","15":"shipping-taxable","16":"purchasable","17":"product-type-simple"},"jetpack_sharing_enabled":true,"_links":{"self":[{"href":"https:\/\/www.3p-gmbh.de\/es\/wp-json\/wp\/v2\/product\/92773","targetHints":{"allow":["GET"]}}],"collection":[{"href":"https:\/\/www.3p-gmbh.de\/es\/wp-json\/wp\/v2\/product"}],"about":[{"href":"https:\/\/www.3p-gmbh.de\/es\/wp-json\/wp\/v2\/types\/product"}],"wp:featuredmedia":[{"embeddable":true,"href":"https:\/\/www.3p-gmbh.de\/es\/wp-json\/wp\/v2\/media\/71452"}],"wp:attachment":[{"href":"https:\/\/www.3p-gmbh.de\/es\/wp-json\/wp\/v2\/media?parent=92773"}],"wp:term":[{"taxonomy":"product_brand","embeddable":true,"href":"https:\/\/www.3p-gmbh.de\/es\/wp-json\/wp\/v2\/product_brand?post=92773"},{"taxonomy":"product_cat","embeddable":true,"href":"https:\/\/www.3p-gmbh.de\/es\/wp-json\/wp\/v2\/product_cat?post=92773"},{"taxonomy":"product_tag","embeddable":true,"href":"https:\/\/www.3p-gmbh.de\/es\/wp-json\/wp\/v2\/product_tag?post=92773"}],"curies":[{"name":"wp","href":"https:\/\/api.w.org\/{rel}","templated":true}]}}