{"id":92754,"date":"2019-07-11T13:52:33","date_gmt":"2019-07-11T13:52:33","guid":{"rendered":"https:\/\/www.3p-gmbh.de\/produkt\/cajoneras-megastahl\/"},"modified":"2019-07-11T13:52:33","modified_gmt":"2019-07-11T13:52:33","slug":"armarios-con-cajones","status":"publish","type":"product","link":"https:\/\/www.3p-gmbh.de\/es\/produkt\/armarios-con-cajones\/","title":{"rendered":"Cajoneras Megastahl"},"content":{"rendered":"<ul>\n<li>Ideal para almacenar planchas de revestimiento en prensas de 6 unidades<\/li>\n<li>Construcci\u00f3n robusta de acero de eficacia probada con cajones del tama\u00f1o correcto en gu\u00edas de rodamiento de bolas precisas y resistentes<\/li>\n<li>10 cajones de aprox. 8 cm de altura cada uno con unas dimensiones \u00fatiles de aprox. 1250 x 1590 mm<\/li>\n<\/ul>\n","protected":false},"excerpt":{"rendered":"<p>Ideal para almacenar planchas de revestimiento en prensas de 6 unidades Construcci\u00f3n robusta de acero de eficacia probada con cajones del tama\u00f1o correcto en gu\u00edas de rodamiento de bolas precisas y resistentes 10 cajones de aprox. 8 cm de altura cada uno con unas dimensiones \u00fatiles de aprox. 1250 x 1590 mm<\/p>\n","protected":false},"featured_media":63679,"template":"","meta":[],"product_brand":[],"product_cat":[3086],"product_tag":[],"class_list":{"0":"post-92754","1":"product","2":"type-product","3":"status-publish","4":"has-post-thumbnail","6":"product_cat-serigrafia-flexografia-y-huecograbado","7":"pa_baujahr-165","8":"pa_hersteller-megastahl-vi","10":"first","11":"instock","12":"sold-individually","13":"taxable","14":"shipping-taxable","15":"purchasable","16":"product-type-simple"},"jetpack_sharing_enabled":true,"_links":{"self":[{"href":"https:\/\/www.3p-gmbh.de\/es\/wp-json\/wp\/v2\/product\/92754","targetHints":{"allow":["GET"]}}],"collection":[{"href":"https:\/\/www.3p-gmbh.de\/es\/wp-json\/wp\/v2\/product"}],"about":[{"href":"https:\/\/www.3p-gmbh.de\/es\/wp-json\/wp\/v2\/types\/product"}],"wp:featuredmedia":[{"embeddable":true,"href":"https:\/\/www.3p-gmbh.de\/es\/wp-json\/wp\/v2\/media\/63679"}],"wp:attachment":[{"href":"https:\/\/www.3p-gmbh.de\/es\/wp-json\/wp\/v2\/media?parent=92754"}],"wp:term":[{"taxonomy":"product_brand","embeddable":true,"href":"https:\/\/www.3p-gmbh.de\/es\/wp-json\/wp\/v2\/product_brand?post=92754"},{"taxonomy":"product_cat","embeddable":true,"href":"https:\/\/www.3p-gmbh.de\/es\/wp-json\/wp\/v2\/product_cat?post=92754"},{"taxonomy":"product_tag","embeddable":true,"href":"https:\/\/www.3p-gmbh.de\/es\/wp-json\/wp\/v2\/product_tag?post=92754"}],"curies":[{"name":"wp","href":"https:\/\/api.w.org\/{rel}","templated":true}]}}