{"id":92741,"date":"2019-07-11T13:52:37","date_gmt":"2019-07-11T13:52:37","guid":{"rendered":"https:\/\/www.3p-gmbh.de\/produkt\/crisol-perforador-heidelberg-oht-ts\/"},"modified":"2019-07-11T13:52:37","modified_gmt":"2019-07-11T13:52:37","slug":"original-heidelberg-punch-crucible","status":"publish","type":"product","link":"https:\/\/www.3p-gmbh.de\/es\/produkt\/original-heidelberg-punch-crucible\/","title":{"rendered":"Crisol perforador Heidelberg OHT TS"},"content":{"rendered":"<p><strong>Heidelberg OHT &#8211; Pletina de punzonado TS para punzonar, ranurar, perforar y estampar en relieve<\/strong><br \/>\n<strong>SN 130 986 N<\/strong><br \/>\n<strong>desde 1961<\/strong><\/p>\n<p>incl. Accesorios completos para punzonado (7 barras de persecuci\u00f3n y costillas)<\/p>\n<ul>\n<li>hoja m\u00e1s grande 260 x 380 mm<\/li>\n<li>hoja m\u00e1s peque\u00f1a 40 x70 mm<\/li>\n<li>m\u00e1x. Tama\u00f1o del molde 260 x350 mm<\/li>\n<li>Fuerza de perforaci\u00f3n 40 toneladas<\/li>\n<li>Producci\u00f3n 5500 bg.\/h<\/li>\n<li>380 V 1,25 KW<\/li>\n<li>Peso propio 1100 kg<\/li>\n<li>Dimensiones L1,68 x B1,24 xH1,85m<\/li>\n<\/ul>\n","protected":false},"excerpt":{"rendered":"<p>Heidelberg OHT &#8211; Pletina de punzonado TS para punzonar, ranurar, perforar y estampar en relieve SN 130 986 N desde 1961 incl. Accesorios completos para punzonado (7 barras de persecuci\u00f3n y costillas) hoja m\u00e1s grande 260 x 380 mm hoja m\u00e1s peque\u00f1a 40 x70 mm m\u00e1x. Tama\u00f1o del molde 260 x350 mm Fuerza de perforaci\u00f3n [&hellip;]<\/p>\n","protected":false},"featured_media":82270,"template":"","meta":[],"product_brand":[],"product_cat":[2880],"product_tag":[],"class_list":{"0":"post-92741","1":"product","2":"type-product","3":"status-publish","4":"has-post-thumbnail","6":"product_cat-tipografia","7":"pa_baujahr-366","8":"pa_hersteller-heidelberger-druckmaschinen","9":"pa_typ-oht-ts","11":"first","12":"instock","13":"sold-individually","14":"taxable","15":"shipping-taxable","16":"purchasable","17":"product-type-simple"},"jetpack_sharing_enabled":true,"_links":{"self":[{"href":"https:\/\/www.3p-gmbh.de\/es\/wp-json\/wp\/v2\/product\/92741","targetHints":{"allow":["GET"]}}],"collection":[{"href":"https:\/\/www.3p-gmbh.de\/es\/wp-json\/wp\/v2\/product"}],"about":[{"href":"https:\/\/www.3p-gmbh.de\/es\/wp-json\/wp\/v2\/types\/product"}],"wp:featuredmedia":[{"embeddable":true,"href":"https:\/\/www.3p-gmbh.de\/es\/wp-json\/wp\/v2\/media\/82270"}],"wp:attachment":[{"href":"https:\/\/www.3p-gmbh.de\/es\/wp-json\/wp\/v2\/media?parent=92741"}],"wp:term":[{"taxonomy":"product_brand","embeddable":true,"href":"https:\/\/www.3p-gmbh.de\/es\/wp-json\/wp\/v2\/product_brand?post=92741"},{"taxonomy":"product_cat","embeddable":true,"href":"https:\/\/www.3p-gmbh.de\/es\/wp-json\/wp\/v2\/product_cat?post=92741"},{"taxonomy":"product_tag","embeddable":true,"href":"https:\/\/www.3p-gmbh.de\/es\/wp-json\/wp\/v2\/product_tag?post=92741"}],"curies":[{"name":"wp","href":"https:\/\/api.w.org\/{rel}","templated":true}]}}