{"id":92736,"date":"2019-07-11T13:52:37","date_gmt":"2019-07-11T13:52:37","guid":{"rendered":"https:\/\/www.3p-gmbh.de\/produkt\/placas-de-cimentacion-magneticas-heidelberg-basf-flint\/"},"modified":"2019-07-11T13:52:37","modified_gmt":"2019-07-11T13:52:37","slug":"placas-de-cimentacion-magneticas","status":"publish","type":"product","link":"https:\/\/www.3p-gmbh.de\/es\/produkt\/placas-de-cimentacion-magneticas\/","title":{"rendered":"Placas de cimentaci\u00f3n magn\u00e9ticas Heidelberg \/ BASF \/ Flint"},"content":{"rendered":"<p>diferentes formatos disponibles:<\/p>\n<p>Placa de cimentaci\u00f3n magn\u00e9tica BASF &#8211; Heidelberg<br \/>\nBase magn\u00e9tica 320x230x22,8<br \/>\nTipo de m\u00e1quina: HEIDLEBERGER TIEGEL<br \/>\nFormato en mm: 320 x 230 x 22,8 mm<br \/>\nMaterial: Aluminio<br \/>\nTolerancia en altura: +\/- 0,1 mm<br \/>\npara placas perforadas: 580 \u03bcm<br \/>\ndisponible 1<\/p>\n<p>Placa de cimentaci\u00f3n magn\u00e9tica BASF &#8211; Heidelberg<br \/>\nFormato 22&#215;30,5cm<br \/>\nEspesor del panel 22 mm<br \/>\ndisponible 1<\/p>\n<p>Placa de cimentaci\u00f3n magn\u00e9tica BASF &#8211; Heidelberg<br \/>\nFormato 22x15cm<br \/>\nEspesor del panel 22 mm<br \/>\ndisponible 1<\/p>\n<p>Placa de cimentaci\u00f3n magn\u00e9tica BASF &#8211; Heidelberg<br \/>\nFormato 21,5x7cm<br \/>\nEspesor del panel 22 mm<br \/>\ndisponible 1<\/p>\n<p>Placa de cimentaci\u00f3n magn\u00e9tica BASF &#8211; Heidelberg<br \/>\nFormato 15x2cm<br \/>\nEspesor del panel 22 mm<br \/>\ndisponible 1<\/p>\n<p>Placa de cimentaci\u00f3n magn\u00e9tica BASF &#8211; Heidelberg<br \/>\nFormato 15 x10,5cm<br \/>\nEspesor del panel 22 mm<br \/>\ndisponible 4<\/p>\n<p>Placa de cimentaci\u00f3n magn\u00e9tica BASF &#8211; Heidelberg<br \/>\nFormato 10,5&#215;7,5cm<br \/>\nEspesor del panel 22 mm<br \/>\ndisponible 2<\/p>\n<p>Barras magn\u00e9ticas<br \/>\n3 x 1,7cm<br \/>\nEspesor del panel 22 mm<br \/>\ndisponible 12<\/p>\n<p>Barras magn\u00e9ticas<br \/>\n5,5 x 1,4 cm<br \/>\nEspesor del panel 22 mm<br \/>\ndisponible 4<\/p>\n<p>Barras magn\u00e9ticas<br \/>\n7,5 x 10,5 cm<br \/>\nEspesor del panel 22 mm<br \/>\ndisponible 2<\/p>\n","protected":false},"excerpt":{"rendered":"<p>diferentes formatos disponibles: Placa de cimentaci\u00f3n magn\u00e9tica BASF &#8211; Heidelberg Base magn\u00e9tica 320x230x22,8 Tipo de m\u00e1quina: HEIDLEBERGER TIEGEL Formato en mm: 320 x 230 x 22,8 mm Material: Aluminio Tolerancia en altura: +\/- 0,1 mm para placas perforadas: 580 \u03bcm disponible 1 Placa de cimentaci\u00f3n magn\u00e9tica BASF &#8211; Heidelberg Formato 22&#215;30,5cm Espesor del panel 22 [&hellip;]<\/p>\n","protected":false},"featured_media":73084,"template":"","meta":[],"product_brand":[],"product_cat":[2880],"product_tag":[],"class_list":{"0":"post-92736","1":"product","2":"type-product","3":"status-publish","4":"has-post-thumbnail","6":"product_cat-tipografia","7":"pa_hersteller-basf-flint-group","8":"pa_typ-magnetfundamentplatten","10":"first","11":"instock","12":"sold-individually","13":"taxable","14":"shipping-taxable","15":"purchasable","16":"product-type-simple"},"jetpack_sharing_enabled":true,"_links":{"self":[{"href":"https:\/\/www.3p-gmbh.de\/es\/wp-json\/wp\/v2\/product\/92736","targetHints":{"allow":["GET"]}}],"collection":[{"href":"https:\/\/www.3p-gmbh.de\/es\/wp-json\/wp\/v2\/product"}],"about":[{"href":"https:\/\/www.3p-gmbh.de\/es\/wp-json\/wp\/v2\/types\/product"}],"wp:featuredmedia":[{"embeddable":true,"href":"https:\/\/www.3p-gmbh.de\/es\/wp-json\/wp\/v2\/media\/73084"}],"wp:attachment":[{"href":"https:\/\/www.3p-gmbh.de\/es\/wp-json\/wp\/v2\/media?parent=92736"}],"wp:term":[{"taxonomy":"product_brand","embeddable":true,"href":"https:\/\/www.3p-gmbh.de\/es\/wp-json\/wp\/v2\/product_brand?post=92736"},{"taxonomy":"product_cat","embeddable":true,"href":"https:\/\/www.3p-gmbh.de\/es\/wp-json\/wp\/v2\/product_cat?post=92736"},{"taxonomy":"product_tag","embeddable":true,"href":"https:\/\/www.3p-gmbh.de\/es\/wp-json\/wp\/v2\/product_tag?post=92736"}],"curies":[{"name":"wp","href":"https:\/\/api.w.org\/{rel}","templated":true}]}}