{"id":92730,"date":"2019-07-11T13:52:37","date_gmt":"2019-07-11T13:52:37","guid":{"rendered":"https:\/\/www.3p-gmbh.de\/produkt\/cilindro-heidelberg-ohz-sbd\/"},"modified":"2019-07-11T13:52:37","modified_gmt":"2019-07-11T13:52:37","slug":"original-heidelberg-cylinder","status":"publish","type":"product","link":"https:\/\/www.3p-gmbh.de\/es\/produkt\/original-heidelberg-cylinder\/","title":{"rendered":"Cilindro Heidelberg OHZ SBD"},"content":{"rendered":"<p><strong>Cilindro Heidelberg OHZ SBD<br \/>\nBj. 1969<br \/>\nSN: 34542<\/strong><\/p>\n<ul>\n<li>Cilindro de impresi\u00f3n <strong><br \/>\n  <em>s\u00f3lo<\/em><br \/>\n<\/strong> para punzonar<\/li>\n<li>Dos marcos<\/li>\n<li>Formato m\u00e1x. 640 x 900 mm<\/li>\n<li>Formato min. 290 x 400 mm<\/li>\n<li>Velocidad: m\u00e1x. 4.000\/h<\/li>\n<li>Peso: 6.000 kg<\/li>\n<\/ul>\n<p><a href=\"https:\/\/youtu.be\/OAB3yqei830\" target=\"_blank\" rel=\"noopener\">https:\/\/youtu.be\/OAB3yqei830<\/a><\/p>\n","protected":false},"excerpt":{"rendered":"<p>Cilindro Heidelberg OHZ SBD Bj. 1969 SN: 34542 Cilindro de impresi\u00f3n s\u00f3lo para punzonar Dos marcos Formato m\u00e1x. 640 x 900 mm Formato min. 290 x 400 mm Velocidad: m\u00e1x. 4.000\/h Peso: 6.000 kg https:\/\/youtu.be\/OAB3yqei830<\/p>\n","protected":false},"featured_media":83315,"template":"","meta":[],"product_brand":[],"product_cat":[2880],"product_tag":[],"class_list":{"0":"post-92730","1":"product","2":"type-product","3":"status-publish","4":"has-post-thumbnail","6":"product_cat-tipografia","7":"pa_baujahr-1150","8":"pa_hersteller-heidelberg","9":"pa_typ-ohz-sbd","11":"first","12":"instock","13":"sold-individually","14":"taxable","15":"shipping-taxable","16":"purchasable","17":"product-type-simple"},"jetpack_sharing_enabled":true,"_links":{"self":[{"href":"https:\/\/www.3p-gmbh.de\/es\/wp-json\/wp\/v2\/product\/92730","targetHints":{"allow":["GET"]}}],"collection":[{"href":"https:\/\/www.3p-gmbh.de\/es\/wp-json\/wp\/v2\/product"}],"about":[{"href":"https:\/\/www.3p-gmbh.de\/es\/wp-json\/wp\/v2\/types\/product"}],"wp:featuredmedia":[{"embeddable":true,"href":"https:\/\/www.3p-gmbh.de\/es\/wp-json\/wp\/v2\/media\/83315"}],"wp:attachment":[{"href":"https:\/\/www.3p-gmbh.de\/es\/wp-json\/wp\/v2\/media?parent=92730"}],"wp:term":[{"taxonomy":"product_brand","embeddable":true,"href":"https:\/\/www.3p-gmbh.de\/es\/wp-json\/wp\/v2\/product_brand?post=92730"},{"taxonomy":"product_cat","embeddable":true,"href":"https:\/\/www.3p-gmbh.de\/es\/wp-json\/wp\/v2\/product_cat?post=92730"},{"taxonomy":"product_tag","embeddable":true,"href":"https:\/\/www.3p-gmbh.de\/es\/wp-json\/wp\/v2\/product_tag?post=92730"}],"curies":[{"name":"wp","href":"https:\/\/api.w.org\/{rel}","templated":true}]}}