{"id":92714,"date":"2019-07-11T13:52:37","date_gmt":"2019-07-11T13:52:37","guid":{"rendered":"https:\/\/www.3p-gmbh.de\/produkt\/crisol-de-estampacion-en-caliente-heidelberg-oht-p\/"},"modified":"2019-07-11T13:52:37","modified_gmt":"2019-07-11T13:52:37","slug":"crisol-de-estampacion-en-caliente","status":"publish","type":"product","link":"https:\/\/www.3p-gmbh.de\/es\/produkt\/crisol-de-estampacion-en-caliente\/","title":{"rendered":"Crisol de estampaci\u00f3n en caliente Heidelberg OHT-P"},"content":{"rendered":"<ul>\n<li>hoja m\u00e1s grande 260 x 380 mm<\/li>\n<li>hoja m\u00e1s peque\u00f1a 40 x 70 mm<\/li>\n<li>m\u00e1x. Tama\u00f1o del molde 260 x350 mm<\/li>\n<li>Fuerza de perforaci\u00f3n 40 toneladas<\/li>\n<li>Rendimiento aprox. 5500 bg.\/h<\/li>\n<li>Peso propio 1100 kg<\/li>\n<li>2 Marco de cierre<\/li>\n<li>1 placa calefactora de aprox.21 x 22 cm<\/li>\n<\/ul>\n","protected":false},"excerpt":{"rendered":"<p>hoja m\u00e1s grande 260 x 380 mm hoja m\u00e1s peque\u00f1a 40 x 70 mm m\u00e1x. Tama\u00f1o del molde 260 x350 mm Fuerza de perforaci\u00f3n 40 toneladas Rendimiento aprox. 5500 bg.\/h Peso propio 1100 kg 2 Marco de cierre 1 placa calefactora de aprox.21 x 22 cm<\/p>\n","protected":false},"featured_media":63784,"template":"","meta":[],"product_brand":[],"product_cat":[2880],"product_tag":[],"class_list":{"0":"post-92714","1":"product","2":"type-product","3":"status-publish","4":"has-post-thumbnail","6":"product_cat-tipografia","7":"pa_baujahr-113","8":"pa_hersteller-heidelberg","9":"pa_typ-oht-p","11":"first","12":"instock","13":"sold-individually","14":"taxable","15":"shipping-taxable","16":"purchasable","17":"product-type-simple"},"jetpack_sharing_enabled":true,"_links":{"self":[{"href":"https:\/\/www.3p-gmbh.de\/es\/wp-json\/wp\/v2\/product\/92714","targetHints":{"allow":["GET"]}}],"collection":[{"href":"https:\/\/www.3p-gmbh.de\/es\/wp-json\/wp\/v2\/product"}],"about":[{"href":"https:\/\/www.3p-gmbh.de\/es\/wp-json\/wp\/v2\/types\/product"}],"wp:featuredmedia":[{"embeddable":true,"href":"https:\/\/www.3p-gmbh.de\/es\/wp-json\/wp\/v2\/media\/63784"}],"wp:attachment":[{"href":"https:\/\/www.3p-gmbh.de\/es\/wp-json\/wp\/v2\/media?parent=92714"}],"wp:term":[{"taxonomy":"product_brand","embeddable":true,"href":"https:\/\/www.3p-gmbh.de\/es\/wp-json\/wp\/v2\/product_brand?post=92714"},{"taxonomy":"product_cat","embeddable":true,"href":"https:\/\/www.3p-gmbh.de\/es\/wp-json\/wp\/v2\/product_cat?post=92714"},{"taxonomy":"product_tag","embeddable":true,"href":"https:\/\/www.3p-gmbh.de\/es\/wp-json\/wp\/v2\/product_tag?post=92714"}],"curies":[{"name":"wp","href":"https:\/\/api.w.org\/{rel}","templated":true}]}}