{"id":92702,"date":"2019-07-11T13:52:37","date_gmt":"2019-07-11T13:52:37","guid":{"rendered":"https:\/\/www.3p-gmbh.de\/produkt\/impresora-automatica-de-platina-heidelberg-gt-a3\/"},"modified":"2019-07-11T13:52:37","modified_gmt":"2019-07-11T13:52:37","slug":"prensa-de-precinto-automatica-gt-a3","status":"publish","type":"product","link":"https:\/\/www.3p-gmbh.de\/es\/produkt\/prensa-de-precinto-automatica-gt-a3\/","title":{"rendered":"Impresora autom\u00e1tica de platina Heidelberg GT A3"},"content":{"rendered":"<ul>\n<li>con unidad de entintado<\/li>\n<li>con embrague electromagn\u00e9tico<\/li>\n<li>2 Marco de cierre<\/li>\n<li>con equipamiento especial 12 puentes de pinzas intercambiables para la toma por aspiraci\u00f3n central de pl\u00e1sticos, materias pl\u00e1sticas, madera de balsa, etc.<\/li>\n<\/ul>\n","protected":false},"excerpt":{"rendered":"<p>con unidad de entintado con embrague electromagn\u00e9tico 2 Marco de cierre con equipamiento especial 12 puentes de pinzas intercambiables para la toma por aspiraci\u00f3n central de pl\u00e1sticos, materias pl\u00e1sticas, madera de balsa, etc.<\/p>\n","protected":false},"featured_media":63706,"template":"","meta":[],"product_brand":[],"product_cat":[2880],"product_tag":[],"class_list":{"0":"post-92702","1":"product","2":"type-product","3":"status-publish","4":"has-post-thumbnail","6":"product_cat-tipografia","7":"pa_baujahr-345","8":"pa_hersteller-heidelberg","9":"pa_typ-original-heidelberg-gt","11":"first","12":"instock","13":"sold-individually","14":"taxable","15":"shipping-taxable","16":"purchasable","17":"product-type-simple"},"jetpack_sharing_enabled":true,"_links":{"self":[{"href":"https:\/\/www.3p-gmbh.de\/es\/wp-json\/wp\/v2\/product\/92702","targetHints":{"allow":["GET"]}}],"collection":[{"href":"https:\/\/www.3p-gmbh.de\/es\/wp-json\/wp\/v2\/product"}],"about":[{"href":"https:\/\/www.3p-gmbh.de\/es\/wp-json\/wp\/v2\/types\/product"}],"wp:featuredmedia":[{"embeddable":true,"href":"https:\/\/www.3p-gmbh.de\/es\/wp-json\/wp\/v2\/media\/63706"}],"wp:attachment":[{"href":"https:\/\/www.3p-gmbh.de\/es\/wp-json\/wp\/v2\/media?parent=92702"}],"wp:term":[{"taxonomy":"product_brand","embeddable":true,"href":"https:\/\/www.3p-gmbh.de\/es\/wp-json\/wp\/v2\/product_brand?post=92702"},{"taxonomy":"product_cat","embeddable":true,"href":"https:\/\/www.3p-gmbh.de\/es\/wp-json\/wp\/v2\/product_cat?post=92702"},{"taxonomy":"product_tag","embeddable":true,"href":"https:\/\/www.3p-gmbh.de\/es\/wp-json\/wp\/v2\/product_tag?post=92702"}],"curies":[{"name":"wp","href":"https:\/\/api.w.org\/{rel}","templated":true}]}}