{"id":92697,"date":"2019-07-11T13:52:47","date_gmt":"2019-07-11T13:52:47","guid":{"rendered":"https:\/\/www.3p-gmbh.de\/produkt\/sistema-de-tratamiento-de-agua-draabe\/"},"modified":"2019-07-11T13:52:47","modified_gmt":"2019-07-11T13:52:47","slug":"sistema-de-tratamiento-de-agua-agua-pura","status":"publish","type":"product","link":"https:\/\/www.3p-gmbh.de\/es\/produkt\/sistema-de-tratamiento-de-agua-agua-pura\/","title":{"rendered":"Sistema de tratamiento de agua Draabe"},"content":{"rendered":"<p>Consta de<\/p>\n<ul>\n<li>Carril de instalaci\u00f3n<\/li>\n<li>Sistema de tratamiento de agua Draabe: agua pura para el suministro de agua de proceso y el sistema de humidificaci\u00f3n del aire en la sala de impresi\u00f3n.<\/li>\n<li>Descalcificador de agua<\/li>\n<li>2 Memoria de expansi\u00f3n<\/li>\n<li>Dep\u00f3sito de agua de 400 litros con presi\u00f3n de funcionamiento de 10 bares<\/li>\n<li>Aumento de la presi\u00f3n<\/li>\n<li>Tuber\u00edas (desmontadas)<\/li>\n<li>4 Nebulizador CSV simple<\/li>\n<li>4 Nebulizador CSV doble<\/li>\n<\/ul>\n<p>Atenci\u00f3n: El sistema de agua limpia del contenedor debe alquilarse por separado a Draabe y se sustituye cada 6-8 meses en una sola pieza para su mantenimiento.<\/p>\n","protected":false},"excerpt":{"rendered":"<p>Consta de Carril de instalaci\u00f3n Sistema de tratamiento de agua Draabe: agua pura para el suministro de agua de proceso y el sistema de humidificaci\u00f3n del aire en la sala de impresi\u00f3n. Descalcificador de agua 2 Memoria de expansi\u00f3n Dep\u00f3sito de agua de 400 litros con presi\u00f3n de funcionamiento de 10 bares Aumento de la [&hellip;]<\/p>\n","protected":false},"featured_media":63907,"template":"","meta":[],"product_brand":[],"product_cat":[2899],"product_tag":[],"class_list":{"0":"post-92697","1":"product","2":"type-product","3":"status-publish","4":"has-post-thumbnail","6":"product_cat-accesorios-y-piezas-de-recambio-para-prensas","7":"pa_hersteller-draabe","8":"pa_typ-draabe-basis","10":"first","11":"instock","12":"sold-individually","13":"taxable","14":"shipping-taxable","15":"purchasable","16":"product-type-simple"},"jetpack_sharing_enabled":true,"_links":{"self":[{"href":"https:\/\/www.3p-gmbh.de\/es\/wp-json\/wp\/v2\/product\/92697","targetHints":{"allow":["GET"]}}],"collection":[{"href":"https:\/\/www.3p-gmbh.de\/es\/wp-json\/wp\/v2\/product"}],"about":[{"href":"https:\/\/www.3p-gmbh.de\/es\/wp-json\/wp\/v2\/types\/product"}],"wp:featuredmedia":[{"embeddable":true,"href":"https:\/\/www.3p-gmbh.de\/es\/wp-json\/wp\/v2\/media\/63907"}],"wp:attachment":[{"href":"https:\/\/www.3p-gmbh.de\/es\/wp-json\/wp\/v2\/media?parent=92697"}],"wp:term":[{"taxonomy":"product_brand","embeddable":true,"href":"https:\/\/www.3p-gmbh.de\/es\/wp-json\/wp\/v2\/product_brand?post=92697"},{"taxonomy":"product_cat","embeddable":true,"href":"https:\/\/www.3p-gmbh.de\/es\/wp-json\/wp\/v2\/product_cat?post=92697"},{"taxonomy":"product_tag","embeddable":true,"href":"https:\/\/www.3p-gmbh.de\/es\/wp-json\/wp\/v2\/product_tag?post=92697"}],"curies":[{"name":"wp","href":"https:\/\/api.w.org\/{rel}","templated":true}]}}