{"id":92684,"date":"2019-07-11T13:52:47","date_gmt":"2019-07-11T13:52:47","guid":{"rendered":"https:\/\/www.3p-gmbh.de\/produkt\/heidelberg-tsh-70-twinstacker-de-apilado-vertical\/"},"modified":"2019-07-11T13:52:47","modified_gmt":"2019-07-11T13:52:47","slug":"entrega-vertical-de-pilas","status":"publish","type":"product","link":"https:\/\/www.3p-gmbh.de\/es\/produkt\/entrega-vertical-de-pilas\/","title":{"rendered":"Heidelberg TSH 70 Twinstacker de apilado vertical"},"content":{"rendered":"<p>La apiladora vertical Twinstacker TSH es la soluci\u00f3n econ\u00f3mica para cubrir ampliamente la gama de rendimientos medios y altos. La salida transporta las hojas prensadas individualmente a trav\u00e9s de la secci\u00f3n transportadora sin marcarlas. A continuaci\u00f3n, las pilas se forman desde arriba en cestas de recogida y se colocan alternativamente, en dos niveles de apilamiento dispuestos uno encima del otro. Esto permite un funcionamiento eficaz sin paradas. Su f\u00e1cil manejo y buena accesibilidad tambi\u00e9n facilitan el procesado de productos de varias piezas. La mesa de alimentaci\u00f3n regulable en altura permite colocar la Twinstacker TSH de forma sencilla y flexible en las distintas estaciones previas. Ya sea en la colocaci\u00f3n de planchas aisladas o incluso en el flujo de tejas, la apiladora Twinstacker TSH convence en todos los aspectos por su rendimiento.<\/p>\n<ul>\n<li>Entrega de pilas f\u00e1cil de usar<\/li>\n<li>Colocaci\u00f3n sin marcas de hasta dos paneles, con extracci\u00f3n ergon\u00f3mica de f\u00e1cil manejo<\/li>\n<li>m\u00e1x. Formato 700x340mm<\/li>\n<li>min. Formato 100x100mm<\/li>\n<li>Espesor m\u00e1x. del producto 6 mm<\/li>\n<li>Altura de apilado por nivel m\u00e1x. 10 cm<\/li>\n<li>\u00d3ptimo para el trabajo unipersonal en plegadoras con altas velocidades de m\u00e1quina de hasta 18.000 ciclos<\/li>\n<li>MCT control<\/li>\n<\/ul>\n","protected":false},"excerpt":{"rendered":"<p>La apiladora vertical Twinstacker TSH es la soluci\u00f3n econ\u00f3mica para cubrir ampliamente la gama de rendimientos medios y altos. La salida transporta las hojas prensadas individualmente a trav\u00e9s de la secci\u00f3n transportadora sin marcarlas. A continuaci\u00f3n, las pilas se forman desde arriba en cestas de recogida y se colocan alternativamente, en dos niveles de apilamiento [&hellip;]<\/p>\n","protected":false},"featured_media":71443,"template":"","meta":[],"product_brand":[],"product_cat":[2913],"product_tag":[],"class_list":{"0":"post-92684","1":"product","2":"type-product","3":"status-publish","4":"has-post-thumbnail","6":"product_cat-gastos","7":"pa_baujahr-168","8":"pa_hersteller-heidelberg-stahl","9":"pa_typ-stahlfolder-twinstacker-tsh-70","11":"first","12":"instock","13":"sold-individually","14":"taxable","15":"shipping-taxable","16":"purchasable","17":"product-type-simple"},"jetpack_sharing_enabled":true,"_links":{"self":[{"href":"https:\/\/www.3p-gmbh.de\/es\/wp-json\/wp\/v2\/product\/92684","targetHints":{"allow":["GET"]}}],"collection":[{"href":"https:\/\/www.3p-gmbh.de\/es\/wp-json\/wp\/v2\/product"}],"about":[{"href":"https:\/\/www.3p-gmbh.de\/es\/wp-json\/wp\/v2\/types\/product"}],"wp:featuredmedia":[{"embeddable":true,"href":"https:\/\/www.3p-gmbh.de\/es\/wp-json\/wp\/v2\/media\/71443"}],"wp:attachment":[{"href":"https:\/\/www.3p-gmbh.de\/es\/wp-json\/wp\/v2\/media?parent=92684"}],"wp:term":[{"taxonomy":"product_brand","embeddable":true,"href":"https:\/\/www.3p-gmbh.de\/es\/wp-json\/wp\/v2\/product_brand?post=92684"},{"taxonomy":"product_cat","embeddable":true,"href":"https:\/\/www.3p-gmbh.de\/es\/wp-json\/wp\/v2\/product_cat?post=92684"},{"taxonomy":"product_tag","embeddable":true,"href":"https:\/\/www.3p-gmbh.de\/es\/wp-json\/wp\/v2\/product_tag?post=92684"}],"curies":[{"name":"wp","href":"https:\/\/api.w.org\/{rel}","templated":true}]}}