{"id":92661,"date":"2019-07-11T13:52:51","date_gmt":"2019-07-11T13:52:51","guid":{"rendered":"https:\/\/www.3p-gmbh.de\/produkt\/cortadora-de-pelicula-muero\/"},"modified":"2019-07-11T13:52:51","modified_gmt":"2019-07-11T13:52:51","slug":"cortadora-de-pelicula","status":"publish","type":"product","link":"https:\/\/www.3p-gmbh.de\/es\/produkt\/cortadora-de-pelicula\/","title":{"rendered":"Cortadora de pel\u00edcula M\u00fcro"},"content":{"rendered":"<p>La cortadora de l\u00e1minas es una cortadora de precisi\u00f3n para l\u00e1minas planas, hojas y papel. La l\u00e1mina milimetrada iluminada y el tope lateral permiten alinear las plantillas con gran precisi\u00f3n. La barra de presi\u00f3n del cortador de pel\u00edcula evita que los originales resbalen mientras la cuchilla circular se desliza por la cuchilla larga. Los cortes son sin rebabas, los cuchillos redondos se autoafilan gracias al afilado hueco.<\/p>\n<ul>\n<li>Anchura de corte: 95 cm o 65 cm<\/li>\n<li>Superficie de apoyo: 95 x 35 cm<\/li>\n<li>Tope lateral con escala centim\u00e9trica<\/li>\n<li>Prensado con accionamiento monopalanca<\/li>\n<li>L\u00e1mparas: 2 x 16 vatios<\/li>\n<\/ul>\n","protected":false},"excerpt":{"rendered":"<p>La cortadora de l\u00e1minas es una cortadora de precisi\u00f3n para l\u00e1minas planas, hojas y papel. La l\u00e1mina milimetrada iluminada y el tope lateral permiten alinear las plantillas con gran precisi\u00f3n. La barra de presi\u00f3n del cortador de pel\u00edcula evita que los originales resbalen mientras la cuchilla circular se desliza por la cuchilla larga. Los cortes [&hellip;]<\/p>\n","protected":false},"featured_media":64042,"template":"","meta":[],"product_brand":[],"product_cat":[2938],"product_tag":[],"class_list":{"0":"post-92661","1":"product","2":"type-product","3":"status-publish","4":"has-post-thumbnail","6":"product_cat-filmadoras-y-sistemas-de-revelado-de-peliculas","7":"pa_hersteller-muero","8":"pa_typ-vb-95-oder-vb-65","10":"first","11":"instock","12":"sold-individually","13":"taxable","14":"shipping-taxable","15":"purchasable","16":"product-type-simple"},"jetpack_sharing_enabled":true,"_links":{"self":[{"href":"https:\/\/www.3p-gmbh.de\/es\/wp-json\/wp\/v2\/product\/92661","targetHints":{"allow":["GET"]}}],"collection":[{"href":"https:\/\/www.3p-gmbh.de\/es\/wp-json\/wp\/v2\/product"}],"about":[{"href":"https:\/\/www.3p-gmbh.de\/es\/wp-json\/wp\/v2\/types\/product"}],"wp:featuredmedia":[{"embeddable":true,"href":"https:\/\/www.3p-gmbh.de\/es\/wp-json\/wp\/v2\/media\/64042"}],"wp:attachment":[{"href":"https:\/\/www.3p-gmbh.de\/es\/wp-json\/wp\/v2\/media?parent=92661"}],"wp:term":[{"taxonomy":"product_brand","embeddable":true,"href":"https:\/\/www.3p-gmbh.de\/es\/wp-json\/wp\/v2\/product_brand?post=92661"},{"taxonomy":"product_cat","embeddable":true,"href":"https:\/\/www.3p-gmbh.de\/es\/wp-json\/wp\/v2\/product_cat?post=92661"},{"taxonomy":"product_tag","embeddable":true,"href":"https:\/\/www.3p-gmbh.de\/es\/wp-json\/wp\/v2\/product_tag?post=92661"}],"curies":[{"name":"wp","href":"https:\/\/api.w.org\/{rel}","templated":true}]}}