{"id":92650,"date":"2019-07-11T13:52:51","date_gmt":"2019-07-11T13:52:51","guid":{"rendered":"https:\/\/www.3p-gmbh.de\/produkt\/entrega-del-paquete-palamides-delta-705\/"},"modified":"2019-07-11T13:52:51","modified_gmt":"2019-07-11T13:52:51","slug":"entrega-automatica-buendel","status":"publish","type":"product","link":"https:\/\/www.3p-gmbh.de\/es\/produkt\/entrega-automatica-buendel\/","title":{"rendered":"Entrega del paquete Palamides Delta 705"},"content":{"rendered":"<ul>\n<li>Anchura de trabajo 700 mm con enfajado de 5 pliegues<\/li>\n<li>Rango de formato m\u00e1x. 760 x 305 mm, m\u00edn. 110 x 95 mm<\/li>\n<li>Ancho de banda 30 mm<\/li>\n<li>Reconocimiento autom\u00e1tico de formatos y de hojas desechadas<\/li>\n<li>Estaci\u00f3n de prensado con preprensado y prensado principal, con rodillo de prensado principal<\/li>\n<li>Paquete de prensado<\/li>\n<li>Estaci\u00f3n vibratoria<\/li>\n<li>autom. Ajuste del formato<\/li>\n<li>Pantalla de gran formato<\/li>\n<li>Varios modos de funcionamiento, alimentador de flujo o alimentador de hojas sueltas, ajuste r\u00e1pido, contador, atado de barras<\/li>\n<li>Producci\u00f3n 600 paquetes por hora<\/li>\n<li>Altura del paquete: m\u00edn. 20 mm<\/li>\n<li>Altura del paquete: m\u00e1x. 150 mm<\/li>\n<li>Producci\u00f3n: 600 paquetes\/h por panel<\/li>\n<li>Velocidad: hasta 60.000 piezas\/hora<\/li>\n<li>Velocidad: 15-205 m\/min<\/li>\n<li>Conexi\u00f3n el\u00e9ctrica: 6KW<\/li>\n<li>Altura de entrada: 410 mm &#8211; 1000 mm<\/li>\n<\/ul>\n","protected":false},"excerpt":{"rendered":"<p>Anchura de trabajo 700 mm con enfajado de 5 pliegues Rango de formato m\u00e1x. 760 x 305 mm, m\u00edn. 110 x 95 mm Ancho de banda 30 mm Reconocimiento autom\u00e1tico de formatos y de hojas desechadas Estaci\u00f3n de prensado con preprensado y prensado principal, con rodillo de prensado principal Paquete de prensado Estaci\u00f3n vibratoria autom. [&hellip;]<\/p>\n","protected":false},"featured_media":63988,"template":"","meta":[],"product_brand":[],"product_cat":[2913],"product_tag":[],"class_list":{"0":"post-92650","1":"product","2":"type-product","3":"status-publish","4":"has-post-thumbnail","6":"product_cat-gastos","7":"pa_baujahr-168","8":"pa_hersteller-palamides","9":"pa_typ-delta-705","11":"first","12":"instock","13":"sold-individually","14":"taxable","15":"shipping-taxable","16":"purchasable","17":"product-type-simple"},"jetpack_sharing_enabled":true,"_links":{"self":[{"href":"https:\/\/www.3p-gmbh.de\/es\/wp-json\/wp\/v2\/product\/92650","targetHints":{"allow":["GET"]}}],"collection":[{"href":"https:\/\/www.3p-gmbh.de\/es\/wp-json\/wp\/v2\/product"}],"about":[{"href":"https:\/\/www.3p-gmbh.de\/es\/wp-json\/wp\/v2\/types\/product"}],"wp:featuredmedia":[{"embeddable":true,"href":"https:\/\/www.3p-gmbh.de\/es\/wp-json\/wp\/v2\/media\/63988"}],"wp:attachment":[{"href":"https:\/\/www.3p-gmbh.de\/es\/wp-json\/wp\/v2\/media?parent=92650"}],"wp:term":[{"taxonomy":"product_brand","embeddable":true,"href":"https:\/\/www.3p-gmbh.de\/es\/wp-json\/wp\/v2\/product_brand?post=92650"},{"taxonomy":"product_cat","embeddable":true,"href":"https:\/\/www.3p-gmbh.de\/es\/wp-json\/wp\/v2\/product_cat?post=92650"},{"taxonomy":"product_tag","embeddable":true,"href":"https:\/\/www.3p-gmbh.de\/es\/wp-json\/wp\/v2\/product_tag?post=92650"}],"curies":[{"name":"wp","href":"https:\/\/api.w.org\/{rel}","templated":true}]}}