{"id":92636,"date":"2019-07-11T13:52:51","date_gmt":"2019-07-11T13:52:51","guid":{"rendered":"https:\/\/www.3p-gmbh.de\/produkt\/apilador-compensador-rima-rs-11\/"},"modified":"2019-07-11T13:52:51","modified_gmt":"2019-07-11T13:52:51","slug":"crucero","status":"publish","type":"product","link":"https:\/\/www.3p-gmbh.de\/es\/produkt\/crucero\/","title":{"rendered":"Apilador compensador Rima RS 11"},"content":{"rendered":"<p>El apilador compensador est\u00e1 especialmente dise\u00f1ado para apilar detr\u00e1s de engrapadoras m\u00e1s lentas, encuadernadoras perfectas, encartadoras y empaquetadoras.<\/p>\n<ul>\n<li>Contador de productos<\/li>\n<li>Espesor del producto 1 &#8211; 32 mm<\/li>\n<li>Anchura del producto 102 &#8211; 320 mm<\/li>\n<li>Longitud del producto 152 &#8211; 470 mm<\/li>\n<li>Potencia m\u00e1x. 12 000 piezas\/h<\/li>\n<li>Altura de apilado m\u00e1x. 235 mm<\/li>\n<\/ul>\n","protected":false},"excerpt":{"rendered":"<p>El apilador compensador est\u00e1 especialmente dise\u00f1ado para apilar detr\u00e1s de engrapadoras m\u00e1s lentas, encuadernadoras perfectas, encartadoras y empaquetadoras. Contador de productos Espesor del producto 1 &#8211; 32 mm Anchura del producto 102 &#8211; 320 mm Longitud del producto 152 &#8211; 470 mm Potencia m\u00e1x. 12 000 piezas\/h Altura de apilado m\u00e1x. 235 mm<\/p>\n","protected":false},"featured_media":63928,"template":"","meta":[],"product_brand":[],"product_cat":[3065],"product_tag":[],"class_list":{"0":"post-92636","1":"product","2":"type-product","3":"status-publish","4":"has-post-thumbnail","6":"product_cat-apilador","7":"pa_baujahr-198","8":"pa_hersteller-rima","9":"pa_typ-rs-11","11":"first","12":"instock","13":"sold-individually","14":"taxable","15":"shipping-taxable","16":"purchasable","17":"product-type-simple"},"jetpack_sharing_enabled":true,"_links":{"self":[{"href":"https:\/\/www.3p-gmbh.de\/es\/wp-json\/wp\/v2\/product\/92636","targetHints":{"allow":["GET"]}}],"collection":[{"href":"https:\/\/www.3p-gmbh.de\/es\/wp-json\/wp\/v2\/product"}],"about":[{"href":"https:\/\/www.3p-gmbh.de\/es\/wp-json\/wp\/v2\/types\/product"}],"wp:featuredmedia":[{"embeddable":true,"href":"https:\/\/www.3p-gmbh.de\/es\/wp-json\/wp\/v2\/media\/63928"}],"wp:attachment":[{"href":"https:\/\/www.3p-gmbh.de\/es\/wp-json\/wp\/v2\/media?parent=92636"}],"wp:term":[{"taxonomy":"product_brand","embeddable":true,"href":"https:\/\/www.3p-gmbh.de\/es\/wp-json\/wp\/v2\/product_brand?post=92636"},{"taxonomy":"product_cat","embeddable":true,"href":"https:\/\/www.3p-gmbh.de\/es\/wp-json\/wp\/v2\/product_cat?post=92636"},{"taxonomy":"product_tag","embeddable":true,"href":"https:\/\/www.3p-gmbh.de\/es\/wp-json\/wp\/v2\/product_tag?post=92636"}],"curies":[{"name":"wp","href":"https:\/\/api.w.org\/{rel}","templated":true}]}}