{"id":92630,"date":"2019-07-11T13:53:00","date_gmt":"2019-07-11T13:53:00","guid":{"rendered":"https:\/\/www.3p-gmbh.de\/produkt\/flujo-pgf-ergoline\/"},"modified":"2019-07-11T13:53:00","modified_gmt":"2019-07-11T13:53:00","slug":"pantalla-alta-escamosa","status":"publish","type":"product","link":"https:\/\/www.3p-gmbh.de\/es\/produkt\/pantalla-alta-escamosa\/","title":{"rendered":"Flujo PGF Ergoline"},"content":{"rendered":"<p>El sistema de salida PGF Ergoline B permite la producci\u00f3n por una sola persona incluso en prensas multicolor de gran longitud. Aqu\u00ed, la comodidad para el impresor, la capacidad y la automatizaci\u00f3n son cruciales.<\/p>\n<p>Funci\u00f3n de expulsi\u00f3n r\u00e1pida<br \/>\nExpulsi\u00f3n \u00fanica por adelantado como muestra para comprobaci\u00f3n.<\/p>\n<p>Autostop<br \/>\nParada y arranque autom\u00e1ticos con la prensa.<\/p>\n<p>Se\u00f1al de apilamiento<br \/>\nM\u00f3dulo de comunicaci\u00f3n con el Maxifeeder para el reapilado en el alimentador.<\/p>\n<p>Altura de trabajo: de 85 cm a 105 cm<br \/>\nDimensiones: Largo 155 cm, ancho 46 cm, peso 65 kg<\/p>\n","protected":false},"excerpt":{"rendered":"<p>El sistema de salida PGF Ergoline B permite la producci\u00f3n por una sola persona incluso en prensas multicolor de gran longitud. Aqu\u00ed, la comodidad para el impresor, la capacidad y la automatizaci\u00f3n son cruciales. Funci\u00f3n de expulsi\u00f3n r\u00e1pida Expulsi\u00f3n \u00fanica por adelantado como muestra para comprobaci\u00f3n. Autostop Parada y arranque autom\u00e1ticos con la prensa. Se\u00f1al [&hellip;]<\/p>\n","protected":false},"featured_media":64243,"template":"","meta":[],"product_brand":[],"product_cat":[2913],"product_tag":[],"class_list":{"0":"post-92630","1":"product","2":"type-product","3":"status-publish","4":"has-post-thumbnail","6":"product_cat-gastos","7":"pa_baujahr-205","8":"pa_hersteller-pgf","9":"pa_typ-ergoline-schuppenhochauslage","11":"first","12":"instock","13":"sold-individually","14":"taxable","15":"shipping-taxable","16":"purchasable","17":"product-type-simple"},"jetpack_sharing_enabled":true,"_links":{"self":[{"href":"https:\/\/www.3p-gmbh.de\/es\/wp-json\/wp\/v2\/product\/92630","targetHints":{"allow":["GET"]}}],"collection":[{"href":"https:\/\/www.3p-gmbh.de\/es\/wp-json\/wp\/v2\/product"}],"about":[{"href":"https:\/\/www.3p-gmbh.de\/es\/wp-json\/wp\/v2\/types\/product"}],"wp:featuredmedia":[{"embeddable":true,"href":"https:\/\/www.3p-gmbh.de\/es\/wp-json\/wp\/v2\/media\/64243"}],"wp:attachment":[{"href":"https:\/\/www.3p-gmbh.de\/es\/wp-json\/wp\/v2\/media?parent=92630"}],"wp:term":[{"taxonomy":"product_brand","embeddable":true,"href":"https:\/\/www.3p-gmbh.de\/es\/wp-json\/wp\/v2\/product_brand?post=92630"},{"taxonomy":"product_cat","embeddable":true,"href":"https:\/\/www.3p-gmbh.de\/es\/wp-json\/wp\/v2\/product_cat?post=92630"},{"taxonomy":"product_tag","embeddable":true,"href":"https:\/\/www.3p-gmbh.de\/es\/wp-json\/wp\/v2\/product_tag?post=92630"}],"curies":[{"name":"wp","href":"https:\/\/api.w.org\/{rel}","templated":true}]}}