{"id":92628,"date":"2019-07-11T13:53:00","date_gmt":"2019-07-11T13:53:00","guid":{"rendered":"https:\/\/www.3p-gmbh.de\/produkt\/espetrometro-de-barrido-x-rite-atd\/"},"modified":"2019-07-11T13:53:00","modified_gmt":"2019-07-11T13:53:00","slug":"scan-spetrometer","status":"publish","type":"product","link":"https:\/\/www.3p-gmbh.de\/es\/produkt\/scan-spetrometer\/","title":{"rendered":"Espetr\u00f3metro de barrido X-Rite ATD"},"content":{"rendered":"<p>El X-Rite ATD es un densit\u00f3metro de barrido autom\u00e1tico con cabezal de medici\u00f3n espectral y se utiliza para la medici\u00f3n autom\u00e1tica de tiras de control de impresi\u00f3n. El software ATD permite documentar la calidad de impresi\u00f3n e informa de un vistazo sobre todos los datos de color importantes, como los valores de densidad o la ganancia de punto. Gracias a la r\u00e1pida adquisici\u00f3n de todos los campos de medici\u00f3n, los tiempos de preparaci\u00f3n pueden reducirse significativamente y la calidad puede mantenerse a un alto nivel constante.<\/p>\n<p>Volumen de suministro:<\/p>\n<ul>\n<li>Densit\u00f3metro ATD<\/li>\n<li>Bomba de vac\u00edo<\/li>\n<li>Software ATD Versi\u00f3n 2.07<\/li>\n<li>Cableado completo y mangueras de aire comprimido<\/li>\n<\/ul>\n","protected":false},"excerpt":{"rendered":"<p>El X-Rite ATD es un densit\u00f3metro de barrido autom\u00e1tico con cabezal de medici\u00f3n espectral y se utiliza para la medici\u00f3n autom\u00e1tica de tiras de control de impresi\u00f3n. El software ATD permite documentar la calidad de impresi\u00f3n e informa de un vistazo sobre todos los datos de color importantes, como los valores de densidad o la [&hellip;]<\/p>\n","protected":false},"featured_media":64246,"template":"","meta":[],"product_brand":[],"product_cat":[2933],"product_tag":[],"class_list":{"0":"post-92628","1":"product","2":"type-product","3":"status-publish","4":"has-post-thumbnail","6":"product_cat-instrumentos-de-medida-y-control-de-calidad","7":"pa_baujahr-198","8":"pa_hersteller-x-rite","9":"pa_typ-atd","11":"first","12":"instock","13":"sold-individually","14":"taxable","15":"shipping-taxable","16":"purchasable","17":"product-type-simple"},"jetpack_sharing_enabled":true,"_links":{"self":[{"href":"https:\/\/www.3p-gmbh.de\/es\/wp-json\/wp\/v2\/product\/92628","targetHints":{"allow":["GET"]}}],"collection":[{"href":"https:\/\/www.3p-gmbh.de\/es\/wp-json\/wp\/v2\/product"}],"about":[{"href":"https:\/\/www.3p-gmbh.de\/es\/wp-json\/wp\/v2\/types\/product"}],"wp:featuredmedia":[{"embeddable":true,"href":"https:\/\/www.3p-gmbh.de\/es\/wp-json\/wp\/v2\/media\/64246"}],"wp:attachment":[{"href":"https:\/\/www.3p-gmbh.de\/es\/wp-json\/wp\/v2\/media?parent=92628"}],"wp:term":[{"taxonomy":"product_brand","embeddable":true,"href":"https:\/\/www.3p-gmbh.de\/es\/wp-json\/wp\/v2\/product_brand?post=92628"},{"taxonomy":"product_cat","embeddable":true,"href":"https:\/\/www.3p-gmbh.de\/es\/wp-json\/wp\/v2\/product_cat?post=92628"},{"taxonomy":"product_tag","embeddable":true,"href":"https:\/\/www.3p-gmbh.de\/es\/wp-json\/wp\/v2\/product_tag?post=92628"}],"curies":[{"name":"wp","href":"https:\/\/api.w.org\/{rel}","templated":true}]}}