{"id":92621,"date":"2019-07-11T13:53:00","date_gmt":"2019-07-11T13:53:00","guid":{"rendered":"https:\/\/www.3p-gmbh.de\/produkt\/unidad-de-impresion-heidelberg-para-pm-qm-46\/"},"modified":"2019-07-11T13:53:00","modified_gmt":"2019-07-11T13:53:00","slug":"imprimir","status":"publish","type":"product","link":"https:\/\/www.3p-gmbh.de\/es\/produkt\/imprimir\/","title":{"rendered":"Unidad de impresi\u00f3n Heidelberg para PM\/QM 46"},"content":{"rendered":"<ul>\n<li>para Heidelberg Printmaster o Quickmaster modelos 46 (versiones Plus con accionamiento preequipado)<\/li>\n<li>1 Carro de transporte y almacenamiento para una c\u00f3moda inserci\u00f3n<\/li>\n<li>1 caja de pintura con rodillos<\/li>\n<li>1 Eje numerador<\/li>\n<li>2 brazos de conmutaci\u00f3n<\/li>\n<li>2 anillos de asiento<\/li>\n<li>2 Unidades de numeraci\u00f3n<\/li>\n<li>2 Portaclich\u00e9s<\/li>\n<\/ul>\n","protected":false},"excerpt":{"rendered":"<p>para Heidelberg Printmaster o Quickmaster modelos 46 (versiones Plus con accionamiento preequipado) 1 Carro de transporte y almacenamiento para una c\u00f3moda inserci\u00f3n 1 caja de pintura con rodillos 1 Eje numerador 2 brazos de conmutaci\u00f3n 2 anillos de asiento 2 Unidades de numeraci\u00f3n 2 Portaclich\u00e9s<\/p>\n","protected":false},"featured_media":64228,"template":"","meta":[],"product_brand":[],"product_cat":[2899],"product_tag":[],"class_list":{"0":"post-92621","1":"product","2":"type-product","3":"status-publish","4":"has-post-thumbnail","6":"product_cat-accesorios-y-piezas-de-recambio-para-prensas","7":"pa_baujahr-326","8":"pa_hersteller-heidelberg","9":"pa_typ-pm-46-qm-46","11":"first","12":"instock","13":"sold-individually","14":"taxable","15":"shipping-taxable","16":"purchasable","17":"product-type-simple"},"jetpack_sharing_enabled":true,"_links":{"self":[{"href":"https:\/\/www.3p-gmbh.de\/es\/wp-json\/wp\/v2\/product\/92621","targetHints":{"allow":["GET"]}}],"collection":[{"href":"https:\/\/www.3p-gmbh.de\/es\/wp-json\/wp\/v2\/product"}],"about":[{"href":"https:\/\/www.3p-gmbh.de\/es\/wp-json\/wp\/v2\/types\/product"}],"wp:featuredmedia":[{"embeddable":true,"href":"https:\/\/www.3p-gmbh.de\/es\/wp-json\/wp\/v2\/media\/64228"}],"wp:attachment":[{"href":"https:\/\/www.3p-gmbh.de\/es\/wp-json\/wp\/v2\/media?parent=92621"}],"wp:term":[{"taxonomy":"product_brand","embeddable":true,"href":"https:\/\/www.3p-gmbh.de\/es\/wp-json\/wp\/v2\/product_brand?post=92621"},{"taxonomy":"product_cat","embeddable":true,"href":"https:\/\/www.3p-gmbh.de\/es\/wp-json\/wp\/v2\/product_cat?post=92621"},{"taxonomy":"product_tag","embeddable":true,"href":"https:\/\/www.3p-gmbh.de\/es\/wp-json\/wp\/v2\/product_tag?post=92621"}],"curies":[{"name":"wp","href":"https:\/\/api.w.org\/{rel}","templated":true}]}}