{"id":92610,"date":"2019-07-11T13:53:00","date_gmt":"2019-07-11T13:53:00","guid":{"rendered":"https:\/\/www.3p-gmbh.de\/produkt\/sistema-de-acabado-cito-rsp-para-sm-52\/"},"modified":"2019-07-11T13:53:00","modified_gmt":"2019-07-11T13:53:00","slug":"cito-rsp-finishing-system","status":"publish","type":"product","link":"https:\/\/www.3p-gmbh.de\/es\/produkt\/cito-rsp-finishing-system\/","title":{"rendered":"Sistema de acabado Cito RSP para SM-52"},"content":{"rendered":"<p>Hendido, troquelado, troquelado y perforado en l\u00ednea: sin una m\u00e1quina adicional, sin personal adicional y sin procedimientos de procesamiento que requieren mucho tiempo. El sistema RSP es adecuado para una amplia gama de requisitos: para plegadoras y perforaciones, para troquelado, as\u00ed como para hendidos exigentes. El sistema RSP es la alternativa econ\u00f3mica y r\u00e1pida al tratamiento posterior cl\u00e1sico de sus productos y le ofrece las siguientes ventajas adicionales:<\/p>\n<ul>\n<li>Pel\u00edcula de pie reutilizable y archivable<\/li>\n<li>Cambio r\u00e1pido en la rotativa para trabajos de impresi\u00f3n sucesivos<\/li>\n<li>Alta calidad gracias a la posibilidad de ajustar el registro<\/li>\n<\/ul>\n","protected":false},"excerpt":{"rendered":"<p>Hendido, troquelado, troquelado y perforado en l\u00ednea: sin una m\u00e1quina adicional, sin personal adicional y sin procedimientos de procesamiento que requieren mucho tiempo. El sistema RSP es adecuado para una amplia gama de requisitos: para plegadoras y perforaciones, para troquelado, as\u00ed como para hendidos exigentes. El sistema RSP es la alternativa econ\u00f3mica y r\u00e1pida al [&hellip;]<\/p>\n","protected":false},"featured_media":64213,"template":"","meta":[],"product_brand":[],"product_cat":[2899],"product_tag":[],"class_list":{"0":"post-92610","1":"product","2":"type-product","3":"status-publish","4":"has-post-thumbnail","6":"product_cat-accesorios-y-piezas-de-recambio-para-prensas","7":"pa_baujahr-168","8":"pa_hersteller-cito","9":"pa_typ-citosystem-sm-52-dk","11":"first","12":"instock","13":"sold-individually","14":"taxable","15":"shipping-taxable","16":"purchasable","17":"product-type-simple"},"jetpack_sharing_enabled":true,"_links":{"self":[{"href":"https:\/\/www.3p-gmbh.de\/es\/wp-json\/wp\/v2\/product\/92610","targetHints":{"allow":["GET"]}}],"collection":[{"href":"https:\/\/www.3p-gmbh.de\/es\/wp-json\/wp\/v2\/product"}],"about":[{"href":"https:\/\/www.3p-gmbh.de\/es\/wp-json\/wp\/v2\/types\/product"}],"wp:featuredmedia":[{"embeddable":true,"href":"https:\/\/www.3p-gmbh.de\/es\/wp-json\/wp\/v2\/media\/64213"}],"wp:attachment":[{"href":"https:\/\/www.3p-gmbh.de\/es\/wp-json\/wp\/v2\/media?parent=92610"}],"wp:term":[{"taxonomy":"product_brand","embeddable":true,"href":"https:\/\/www.3p-gmbh.de\/es\/wp-json\/wp\/v2\/product_brand?post=92610"},{"taxonomy":"product_cat","embeddable":true,"href":"https:\/\/www.3p-gmbh.de\/es\/wp-json\/wp\/v2\/product_cat?post=92610"},{"taxonomy":"product_tag","embeddable":true,"href":"https:\/\/www.3p-gmbh.de\/es\/wp-json\/wp\/v2\/product_tag?post=92610"}],"curies":[{"name":"wp","href":"https:\/\/api.w.org\/{rel}","templated":true}]}}