{"id":92583,"date":"2019-07-11T13:51:48","date_gmt":"2019-07-11T13:51:48","guid":{"rendered":"https:\/\/www.3p-gmbh.de\/produkt\/herramienta-neumatica-de-flejado-de-acero-cyklop-or-h-21a\/"},"modified":"2019-07-11T13:51:48","modified_gmt":"2019-07-11T13:51:48","slug":"herramienta-neumatica-de-flejado-de-acero","status":"publish","type":"product","link":"https:\/\/www.3p-gmbh.de\/es\/produkt\/herramienta-neumatica-de-flejado-de-acero\/","title":{"rendered":"Herramienta neum\u00e1tica de flejado de acero Cyklop OR-H 21A"},"content":{"rendered":"<ul>\n<li>para paquetes rectos<\/li>\n<li>Cierre de punz\u00f3n sin precinto<\/li>\n<li>Ancho de banda: 12,7 mm<\/li>\n<li>Grosor de la cinta: de 0,5 a 0,8 mm<\/li>\n<li>Tirada m\u00ednima: 130 mm<\/li>\n<li>Fuerza de sujeci\u00f3n: 4000 N<\/li>\n<li>Peso: 9,7 kg<\/li>\n<\/ul>\n","protected":false},"excerpt":{"rendered":"<p>para paquetes rectos Cierre de punz\u00f3n sin precinto Ancho de banda: 12,7 mm Grosor de la cinta: de 0,5 a 0,8 mm Tirada m\u00ednima: 130 mm Fuerza de sujeci\u00f3n: 4000 N Peso: 9,7 kg<\/p>\n","protected":false},"featured_media":62842,"template":"","meta":[],"product_brand":[],"product_cat":[3006],"product_tag":[],"class_list":{"0":"post-92583","1":"product","2":"type-product","3":"status-publish","4":"has-post-thumbnail","6":"product_cat-flejadoras","7":"pa_hersteller-cyklop","8":"pa_typ-or-h-21a","10":"first","11":"instock","12":"sold-individually","13":"taxable","14":"shipping-taxable","15":"purchasable","16":"product-type-simple"},"jetpack_sharing_enabled":true,"_links":{"self":[{"href":"https:\/\/www.3p-gmbh.de\/es\/wp-json\/wp\/v2\/product\/92583","targetHints":{"allow":["GET"]}}],"collection":[{"href":"https:\/\/www.3p-gmbh.de\/es\/wp-json\/wp\/v2\/product"}],"about":[{"href":"https:\/\/www.3p-gmbh.de\/es\/wp-json\/wp\/v2\/types\/product"}],"wp:featuredmedia":[{"embeddable":true,"href":"https:\/\/www.3p-gmbh.de\/es\/wp-json\/wp\/v2\/media\/62842"}],"wp:attachment":[{"href":"https:\/\/www.3p-gmbh.de\/es\/wp-json\/wp\/v2\/media?parent=92583"}],"wp:term":[{"taxonomy":"product_brand","embeddable":true,"href":"https:\/\/www.3p-gmbh.de\/es\/wp-json\/wp\/v2\/product_brand?post=92583"},{"taxonomy":"product_cat","embeddable":true,"href":"https:\/\/www.3p-gmbh.de\/es\/wp-json\/wp\/v2\/product_cat?post=92583"},{"taxonomy":"product_tag","embeddable":true,"href":"https:\/\/www.3p-gmbh.de\/es\/wp-json\/wp\/v2\/product_tag?post=92583"}],"curies":[{"name":"wp","href":"https:\/\/api.w.org\/{rel}","templated":true}]}}