{"id":92572,"date":"2019-07-11T13:51:55","date_gmt":"2019-07-11T13:51:55","guid":{"rendered":"https:\/\/www.3p-gmbh.de\/produkt\/kallfass-kc-5040-450-soldadora-angular-universal\/"},"modified":"2019-07-11T13:51:55","modified_gmt":"2019-07-11T13:51:55","slug":"soldadora-angular-2","status":"publish","type":"product","link":"https:\/\/www.3p-gmbh.de\/es\/produkt\/soldadora-angular-2\/","title":{"rendered":"Kallfass KC 5040-450 Soldadora angular universal"},"content":{"rendered":"<p>La soldadora angular compacta con t\u00fanel de retracci\u00f3n Kallfass KC 5040-450 Universal se ha creado para un uso industrial exigente con t\u00fanel de retracci\u00f3n potente combinado. Las cualidades de esta serie son especialmente evidentes en el duro funcionamiento continuo: los productos envasados, como los productos impresos o los productos de vidrio en paquetes, pueden envasarse de forma r\u00e1pida, econ\u00f3mica y con gran calidad. La probada tecnolog\u00eda de soldadura por impulsos con hilo de corte teflonizado garantiza un funcionamiento eficaz y absolutamente libre de olores.<\/p>\n<ul>\n<li>Tipo de envasado: envasado manual en film<\/li>\n<li>Rendimiento de envasado: hasta 20 ciclos\/min.<\/li>\n<li>Gama de formatos: Dimensiones del marco de soldadura 500 x 400 mm<\/li>\n<li>Anchura de trabajo 450 mm<\/li>\n<li>Rango de trabajo altura 100-400mm<\/li>\n<li>Altura de trabajo 870-970 mm<\/li>\n<li>Transporte con cadena de varillas de silicona separaci\u00f3n 25mm<\/li>\n<li>M\u00e1quina con ruedas<\/li>\n<li>Placa de mesa de aire para la apertura autom\u00e1tica de la l\u00e1mina<\/li>\n<li>Calentamiento b\u00e1sico de los hilos de soldadura<\/li>\n<li>Accionamiento motorizado de la pel\u00edcula con rodillo de agujas<\/li>\n<li>Sistema de refrigeraci\u00f3n autom\u00e1tico<\/li>\n<\/ul>\n","protected":false},"excerpt":{"rendered":"<p>La soldadora angular compacta con t\u00fanel de retracci\u00f3n Kallfass KC 5040-450 Universal se ha creado para un uso industrial exigente con t\u00fanel de retracci\u00f3n potente combinado. Las cualidades de esta serie son especialmente evidentes en el duro funcionamiento continuo: los productos envasados, como los productos impresos o los productos de vidrio en paquetes, pueden envasarse [&hellip;]<\/p>\n","protected":false},"featured_media":63022,"template":"","meta":[],"product_brand":[],"product_cat":[3028],"product_tag":[],"class_list":{"0":"post-92572","1":"product","2":"type-product","3":"status-publish","4":"has-post-thumbnail","6":"product_cat-envasadora-de-film-y-envasadora-estirable","7":"pa_baujahr-198","8":"pa_hersteller-kallfass","9":"pa_typ-kc-5040-400","11":"first","12":"instock","13":"sold-individually","14":"taxable","15":"shipping-taxable","16":"purchasable","17":"product-type-simple"},"jetpack_sharing_enabled":true,"_links":{"self":[{"href":"https:\/\/www.3p-gmbh.de\/es\/wp-json\/wp\/v2\/product\/92572","targetHints":{"allow":["GET"]}}],"collection":[{"href":"https:\/\/www.3p-gmbh.de\/es\/wp-json\/wp\/v2\/product"}],"about":[{"href":"https:\/\/www.3p-gmbh.de\/es\/wp-json\/wp\/v2\/types\/product"}],"wp:featuredmedia":[{"embeddable":true,"href":"https:\/\/www.3p-gmbh.de\/es\/wp-json\/wp\/v2\/media\/63022"}],"wp:attachment":[{"href":"https:\/\/www.3p-gmbh.de\/es\/wp-json\/wp\/v2\/media?parent=92572"}],"wp:term":[{"taxonomy":"product_brand","embeddable":true,"href":"https:\/\/www.3p-gmbh.de\/es\/wp-json\/wp\/v2\/product_brand?post=92572"},{"taxonomy":"product_cat","embeddable":true,"href":"https:\/\/www.3p-gmbh.de\/es\/wp-json\/wp\/v2\/product_cat?post=92572"},{"taxonomy":"product_tag","embeddable":true,"href":"https:\/\/www.3p-gmbh.de\/es\/wp-json\/wp\/v2\/product_tag?post=92572"}],"curies":[{"name":"wp","href":"https:\/\/api.w.org\/{rel}","templated":true}]}}