{"id":92568,"date":"2019-07-11T13:52:01","date_gmt":"2019-07-11T13:52:01","guid":{"rendered":"https:\/\/www.3p-gmbh.de\/produkt\/envasadora-automatica-de-opp-pfankuch-vp-4502\/"},"modified":"2019-07-11T13:52:01","modified_gmt":"2019-07-11T13:52:01","slug":"opp-foil-packaging-for-flat-products","status":"publish","type":"product","link":"https:\/\/www.3p-gmbh.de\/es\/produkt\/opp-foil-packaging-for-flat-products\/","title":{"rendered":"Envasadora autom\u00e1tica de OPP Pfankuch VP-4502"},"content":{"rendered":"<p>Los envases de pel\u00edcula OPP se utilizan para productos planos de diversas formas y formatos (tarjetas telef\u00f3nicas, tarjetas de felicitaci\u00f3n, registros, pegatinas, etiquetas). El dise\u00f1o modular de la m\u00e1quina permite integrar, conectar y reequipar una gran variedad de elementos de forma flexible para adaptarse a las cambiantes necesidades del cliente.<\/p>\n<ul>\n<li>Rendimiento c\u00edclico de hasta 100 ciclos por v\u00eda (en funci\u00f3n del producto)<\/li>\n<li>Formatos: Tarjeta de cr\u00e9dito hasta A4<\/li>\n<li>Estaci\u00f3n de transferencia ST 450<\/li>\n<\/ul>\n","protected":false},"excerpt":{"rendered":"<p>Los envases de pel\u00edcula OPP se utilizan para productos planos de diversas formas y formatos (tarjetas telef\u00f3nicas, tarjetas de felicitaci\u00f3n, registros, pegatinas, etiquetas). El dise\u00f1o modular de la m\u00e1quina permite integrar, conectar y reequipar una gran variedad de elementos de forma flexible para adaptarse a las cambiantes necesidades del cliente. Rendimiento c\u00edclico de hasta 100 [&hellip;]<\/p>\n","protected":false},"featured_media":71506,"template":"","meta":[],"product_brand":[],"product_cat":[3028],"product_tag":[],"class_list":{"0":"post-92568","1":"product","2":"type-product","3":"status-publish","4":"has-post-thumbnail","6":"product_cat-envasadora-de-film-y-envasadora-estirable","7":"pa_baujahr-205","8":"pa_hersteller-pfankuch-solutions-gmbh","9":"pa_typ-pfankuch-vp-4502-mit-uebergabestation-st","11":"first","12":"instock","13":"sold-individually","14":"taxable","15":"shipping-taxable","16":"purchasable","17":"product-type-simple"},"jetpack_sharing_enabled":true,"_links":{"self":[{"href":"https:\/\/www.3p-gmbh.de\/es\/wp-json\/wp\/v2\/product\/92568","targetHints":{"allow":["GET"]}}],"collection":[{"href":"https:\/\/www.3p-gmbh.de\/es\/wp-json\/wp\/v2\/product"}],"about":[{"href":"https:\/\/www.3p-gmbh.de\/es\/wp-json\/wp\/v2\/types\/product"}],"wp:featuredmedia":[{"embeddable":true,"href":"https:\/\/www.3p-gmbh.de\/es\/wp-json\/wp\/v2\/media\/71506"}],"wp:attachment":[{"href":"https:\/\/www.3p-gmbh.de\/es\/wp-json\/wp\/v2\/media?parent=92568"}],"wp:term":[{"taxonomy":"product_brand","embeddable":true,"href":"https:\/\/www.3p-gmbh.de\/es\/wp-json\/wp\/v2\/product_brand?post=92568"},{"taxonomy":"product_cat","embeddable":true,"href":"https:\/\/www.3p-gmbh.de\/es\/wp-json\/wp\/v2\/product_cat?post=92568"},{"taxonomy":"product_tag","embeddable":true,"href":"https:\/\/www.3p-gmbh.de\/es\/wp-json\/wp\/v2\/product_tag?post=92568"}],"curies":[{"name":"wp","href":"https:\/\/api.w.org\/{rel}","templated":true}]}}