{"id":92564,"date":"2019-07-11T13:51:55","date_gmt":"2019-07-11T13:51:55","guid":{"rendered":"https:\/\/www.3p-gmbh.de\/produkt\/atadora-de-mesa-busch-tb-24-i\/"},"modified":"2019-07-11T13:51:55","modified_gmt":"2019-07-11T13:51:55","slug":"tischbuendler","status":"publish","type":"product","link":"https:\/\/www.3p-gmbh.de\/es\/produkt\/tischbuendler\/","title":{"rendered":"Atadora de mesa Busch TB 24-I"},"content":{"rendered":"<p>Como material para los paquetes se utiliza papel kraft estucado (marr\u00f3n o blanco) o film de polipropileno transparente. La m\u00e1quina est\u00e1 equipada con pantalla digital, indicador de errores y control electr\u00f3nico de la temperatura.<\/p>\n<ul>\n<li>Posibilidades de funcionamiento: Activaci\u00f3n de un ciclo mediante pulsador, activaci\u00f3n de un ciclo mediante pedal, activaci\u00f3n autom\u00e1tica mediante sensor<\/li>\n<li>Material del paquete: papel kraft estucado, pel\u00edcula de polipropileno (PP)<\/li>\n<li>Ancho de banda 50 mm o 30 mm (dos unidades disponibles)<\/li>\n<li>Longitud del rollo 150 m para papel kraft, 200 m para film<\/li>\n<li>Rendimiento de la m\u00e1quina 20 &#8211; 25 ciclos\/min.<\/li>\n<li>Max. Dimensi\u00f3n de la mercanc\u00eda empaquetada 240 mm de anchura para el empaquetado en papel, 180 mm para el empaquetado en film<\/li>\n<li>Altura de los bultos 150 mm, longitud ilimitada<\/li>\n<\/ul>\n","protected":false},"excerpt":{"rendered":"<p>Como material para los paquetes se utiliza papel kraft estucado (marr\u00f3n o blanco) o film de polipropileno transparente. La m\u00e1quina est\u00e1 equipada con pantalla digital, indicador de errores y control electr\u00f3nico de la temperatura. Posibilidades de funcionamiento: Activaci\u00f3n de un ciclo mediante pulsador, activaci\u00f3n de un ciclo mediante pedal, activaci\u00f3n autom\u00e1tica mediante sensor Material del [&hellip;]<\/p>\n","protected":false},"featured_media":62986,"template":"","meta":[],"product_brand":[],"product_cat":[2862],"product_tag":[],"class_list":{"0":"post-92564","1":"product","2":"type-product","3":"status-publish","4":"has-post-thumbnail","6":"product_cat-maquinas-perladoras","7":"pa_baujahr-205","8":"pa_hersteller-gerhard-busch","9":"pa_typ-tb-24-i","11":"first","12":"instock","13":"sold-individually","14":"taxable","15":"shipping-taxable","16":"purchasable","17":"product-type-simple"},"jetpack_sharing_enabled":true,"_links":{"self":[{"href":"https:\/\/www.3p-gmbh.de\/es\/wp-json\/wp\/v2\/product\/92564","targetHints":{"allow":["GET"]}}],"collection":[{"href":"https:\/\/www.3p-gmbh.de\/es\/wp-json\/wp\/v2\/product"}],"about":[{"href":"https:\/\/www.3p-gmbh.de\/es\/wp-json\/wp\/v2\/types\/product"}],"wp:featuredmedia":[{"embeddable":true,"href":"https:\/\/www.3p-gmbh.de\/es\/wp-json\/wp\/v2\/media\/62986"}],"wp:attachment":[{"href":"https:\/\/www.3p-gmbh.de\/es\/wp-json\/wp\/v2\/media?parent=92564"}],"wp:term":[{"taxonomy":"product_brand","embeddable":true,"href":"https:\/\/www.3p-gmbh.de\/es\/wp-json\/wp\/v2\/product_brand?post=92564"},{"taxonomy":"product_cat","embeddable":true,"href":"https:\/\/www.3p-gmbh.de\/es\/wp-json\/wp\/v2\/product_cat?post=92564"},{"taxonomy":"product_tag","embeddable":true,"href":"https:\/\/www.3p-gmbh.de\/es\/wp-json\/wp\/v2\/product_tag?post=92564"}],"curies":[{"name":"wp","href":"https:\/\/api.w.org\/{rel}","templated":true}]}}