{"id":92561,"date":"2019-07-11T13:51:55","date_gmt":"2019-07-11T13:51:55","guid":{"rendered":"https:\/\/www.3p-gmbh.de\/produkt\/prisma-01c3-comparadora-y-controladora-de-peso\/"},"modified":"2019-07-11T13:51:55","modified_gmt":"2019-07-11T13:51:55","slug":"controladora-de-peso-comparativa-con-eyector","status":"publish","type":"product","link":"https:\/\/www.3p-gmbh.de\/es\/produkt\/controladora-de-peso-comparativa-con-eyector\/","title":{"rendered":"Prisma 01C3 Comparadora y controladora de peso"},"content":{"rendered":"<ul>\n<li>Comparadora y controladora de peso din\u00e1mica con m\u00f3dulo de expulsi\u00f3n e impresora de control<\/li>\n<li>Rango de medici\u00f3n 0-600 g<\/li>\n<li>Velocidad 100m\/min.<\/li>\n<li>Precisi\u00f3n +\/- 0,1 gramos<\/li>\n<li>Dimensiones: aprox. 1,2 m x 1 m x 1,5 m<\/li>\n<\/ul>\n","protected":false},"excerpt":{"rendered":"<p>Comparadora y controladora de peso din\u00e1mica con m\u00f3dulo de expulsi\u00f3n e impresora de control Rango de medici\u00f3n 0-600 g Velocidad 100m\/min. Precisi\u00f3n +\/- 0,1 gramos Dimensiones: aprox. 1,2 m x 1 m x 1,5 m<\/p>\n","protected":false},"featured_media":63010,"template":"","meta":[],"product_brand":[],"product_cat":[3018,3070],"product_tag":[],"class_list":{"0":"post-92561","1":"product","2":"type-product","3":"status-publish","4":"has-post-thumbnail","6":"product_cat-maquinas-de-corte-es","7":"product_cat-mesas-vibratorias-es","8":"pa_baujahr-209","9":"pa_hersteller-prisma-industriale","10":"pa_typ-prisma-01c3","12":"first","13":"instock","14":"sold-individually","15":"taxable","16":"shipping-taxable","17":"purchasable","18":"product-type-simple"},"jetpack_sharing_enabled":true,"_links":{"self":[{"href":"https:\/\/www.3p-gmbh.de\/es\/wp-json\/wp\/v2\/product\/92561","targetHints":{"allow":["GET"]}}],"collection":[{"href":"https:\/\/www.3p-gmbh.de\/es\/wp-json\/wp\/v2\/product"}],"about":[{"href":"https:\/\/www.3p-gmbh.de\/es\/wp-json\/wp\/v2\/types\/product"}],"wp:featuredmedia":[{"embeddable":true,"href":"https:\/\/www.3p-gmbh.de\/es\/wp-json\/wp\/v2\/media\/63010"}],"wp:attachment":[{"href":"https:\/\/www.3p-gmbh.de\/es\/wp-json\/wp\/v2\/media?parent=92561"}],"wp:term":[{"taxonomy":"product_brand","embeddable":true,"href":"https:\/\/www.3p-gmbh.de\/es\/wp-json\/wp\/v2\/product_brand?post=92561"},{"taxonomy":"product_cat","embeddable":true,"href":"https:\/\/www.3p-gmbh.de\/es\/wp-json\/wp\/v2\/product_cat?post=92561"},{"taxonomy":"product_tag","embeddable":true,"href":"https:\/\/www.3p-gmbh.de\/es\/wp-json\/wp\/v2\/product_tag?post=92561"}],"curies":[{"name":"wp","href":"https:\/\/api.w.org\/{rel}","templated":true}]}}