{"id":92548,"date":"2019-07-11T13:52:01","date_gmt":"2019-07-11T13:52:01","guid":{"rendered":"https:\/\/www.3p-gmbh.de\/produkt\/enfajadora-automatica-ats-tanner-ultrasonic-2000-trs\/"},"modified":"2019-07-11T13:52:01","modified_gmt":"2019-07-11T13:52:01","slug":"enfajadora-automatica","status":"publish","type":"product","link":"https:\/\/www.3p-gmbh.de\/es\/produkt\/enfajadora-automatica\/","title":{"rendered":"Enfajadora autom\u00e1tica ATS Tanner Ultrasonic 2000 TRS"},"content":{"rendered":"<p>Con el transportador integrado, este modelo encinta una gran variedad de productos en un proceso continuo, es adecuado para l\u00edneas de envasado totalmente autom\u00e1ticas y encinta una gran variedad de productos como impresos, formularios inform\u00e1ticos, alimentos, pilas de ropa o productos t\u00e9cnicos en un solo proceso de trabajo.<\/p>\n<ul>\n<li>Sin cambio de papel a cinta de pel\u00edcula<\/li>\n<li>Sin tiempo de calentamiento, listo para usar inmediatamente<\/li>\n<li>sin olor<\/li>\n<li>Control por ordenador e indicador LED de aver\u00edas<\/li>\n<li>Dispensador para rollos jumbo<\/li>\n<li>Menos mantenimiento: no es necesario quemar la pel\u00edcula ni sustituir los elementos calefactores<\/li>\n<li>Producci\u00f3n de hasta 35 bandas por minuto<\/li>\n<li>Tama\u00f1o de la hoja 360 x 180 mm<\/li>\n<li>Ancho de banda 30 mm<\/li>\n<li>Equipamiento especial:Prensa doble, centrado lateral de los productos, sensor de preexigencia de fin de banda, con luces<\/li>\n<\/ul>\n","protected":false},"excerpt":{"rendered":"<p>Con el transportador integrado, este modelo encinta una gran variedad de productos en un proceso continuo, es adecuado para l\u00edneas de envasado totalmente autom\u00e1ticas y encinta una gran variedad de productos como impresos, formularios inform\u00e1ticos, alimentos, pilas de ropa o productos t\u00e9cnicos en un solo proceso de trabajo. Sin cambio de papel a cinta de [&hellip;]<\/p>\n","protected":false},"featured_media":63160,"template":"","meta":[],"product_brand":[],"product_cat":[2862],"product_tag":[],"class_list":{"0":"post-92548","1":"product","2":"type-product","3":"status-publish","4":"has-post-thumbnail","6":"product_cat-maquinas-perladoras","7":"pa_baujahr-130","8":"pa_hersteller-ats-tanner","9":"pa_typ-ats-us-2000-trs","11":"first","12":"instock","13":"sold-individually","14":"taxable","15":"shipping-taxable","16":"purchasable","17":"product-type-simple"},"jetpack_sharing_enabled":true,"_links":{"self":[{"href":"https:\/\/www.3p-gmbh.de\/es\/wp-json\/wp\/v2\/product\/92548","targetHints":{"allow":["GET"]}}],"collection":[{"href":"https:\/\/www.3p-gmbh.de\/es\/wp-json\/wp\/v2\/product"}],"about":[{"href":"https:\/\/www.3p-gmbh.de\/es\/wp-json\/wp\/v2\/types\/product"}],"wp:featuredmedia":[{"embeddable":true,"href":"https:\/\/www.3p-gmbh.de\/es\/wp-json\/wp\/v2\/media\/63160"}],"wp:attachment":[{"href":"https:\/\/www.3p-gmbh.de\/es\/wp-json\/wp\/v2\/media?parent=92548"}],"wp:term":[{"taxonomy":"product_brand","embeddable":true,"href":"https:\/\/www.3p-gmbh.de\/es\/wp-json\/wp\/v2\/product_brand?post=92548"},{"taxonomy":"product_cat","embeddable":true,"href":"https:\/\/www.3p-gmbh.de\/es\/wp-json\/wp\/v2\/product_cat?post=92548"},{"taxonomy":"product_tag","embeddable":true,"href":"https:\/\/www.3p-gmbh.de\/es\/wp-json\/wp\/v2\/product_tag?post=92548"}],"curies":[{"name":"wp","href":"https:\/\/api.w.org\/{rel}","templated":true}]}}