{"id":92542,"date":"2019-07-11T13:52:01","date_gmt":"2019-07-11T13:52:01","guid":{"rendered":"https:\/\/www.3p-gmbh.de\/produkt\/soldadora-angular-totalmente-automatica-kallfass-universa-8060-100\/"},"modified":"2019-07-11T13:52:01","modified_gmt":"2019-07-11T13:52:01","slug":"soldadora-angular-totalmente-automatica","status":"publish","type":"product","link":"https:\/\/www.3p-gmbh.de\/es\/produkt\/soldadora-angular-totalmente-automatica\/","title":{"rendered":"Soldadora angular totalmente autom\u00e1tica Kallfass Universa 8060\/100"},"content":{"rendered":"<ul>\n<li>soldadora angular totalmente autom\u00e1tica con alimentaci\u00f3n de producto en l\u00ednea y sistema de soldadura calentado permanentemente y sin mantenimiento<\/li>\n<li>Dimensiones del bastidor de soldadura de 800 x 600 mm<\/li>\n<li>T\u00fanel de retracci\u00f3n Compact 650 S<\/li>\n<\/ul>\n","protected":false},"excerpt":{"rendered":"<p>soldadora angular totalmente autom\u00e1tica con alimentaci\u00f3n de producto en l\u00ednea y sistema de soldadura calentado permanentemente y sin mantenimiento Dimensiones del bastidor de soldadura de 800 x 600 mm T\u00fanel de retracci\u00f3n Compact 650 S<\/p>\n","protected":false},"featured_media":63127,"template":"","meta":[],"product_brand":[],"product_cat":[3028],"product_tag":[],"class_list":{"0":"post-92542","1":"product","2":"type-product","3":"status-publish","4":"has-post-thumbnail","6":"product_cat-envasadora-de-film-y-envasadora-estirable","7":"pa_baujahr-123","8":"pa_hersteller-kallfass","9":"pa_typ-universa-8060-100","11":"first","12":"instock","13":"sold-individually","14":"taxable","15":"shipping-taxable","16":"purchasable","17":"product-type-simple"},"jetpack_sharing_enabled":true,"_links":{"self":[{"href":"https:\/\/www.3p-gmbh.de\/es\/wp-json\/wp\/v2\/product\/92542","targetHints":{"allow":["GET"]}}],"collection":[{"href":"https:\/\/www.3p-gmbh.de\/es\/wp-json\/wp\/v2\/product"}],"about":[{"href":"https:\/\/www.3p-gmbh.de\/es\/wp-json\/wp\/v2\/types\/product"}],"wp:featuredmedia":[{"embeddable":true,"href":"https:\/\/www.3p-gmbh.de\/es\/wp-json\/wp\/v2\/media\/63127"}],"wp:attachment":[{"href":"https:\/\/www.3p-gmbh.de\/es\/wp-json\/wp\/v2\/media?parent=92542"}],"wp:term":[{"taxonomy":"product_brand","embeddable":true,"href":"https:\/\/www.3p-gmbh.de\/es\/wp-json\/wp\/v2\/product_brand?post=92542"},{"taxonomy":"product_cat","embeddable":true,"href":"https:\/\/www.3p-gmbh.de\/es\/wp-json\/wp\/v2\/product_cat?post=92542"},{"taxonomy":"product_tag","embeddable":true,"href":"https:\/\/www.3p-gmbh.de\/es\/wp-json\/wp\/v2\/product_tag?post=92542"}],"curies":[{"name":"wp","href":"https:\/\/api.w.org\/{rel}","templated":true}]}}