{"id":92524,"date":"2019-07-11T13:52:01","date_gmt":"2019-07-11T13:52:01","guid":{"rendered":"https:\/\/www.3p-gmbh.de\/produkt\/atadora-de-mesa-busch-tb-24-ii\/"},"modified":"2019-07-11T13:52:01","modified_gmt":"2019-07-11T13:52:01","slug":"constructor-de-mesas-2","status":"publish","type":"product","link":"https:\/\/www.3p-gmbh.de\/es\/produkt\/constructor-de-mesas-2\/","title":{"rendered":"Atadora de mesa Busch TB-24 II"},"content":{"rendered":"<ul>\n<li>Material del paquete: papel kraft estucado o film de polipropileno transparente<\/li>\n<li>Equipo con pantalla digital, indicador de errores y control electr\u00f3nico de la temperatura<\/li>\n<li>Posibilidades de funcionamiento: Activaci\u00f3n de un ciclo mediante pulsador, activaci\u00f3n de un ciclo mediante pedal o activaci\u00f3n autom\u00e1tica mediante sensor<\/li>\n<li>ancho de banda 40 mm o 30 mm<\/li>\n<li>Longitud de rollo para papel kraft 150 m, para film 200 m<\/li>\n<li>Rendimiento de la m\u00e1quina 20 &#8211; 25 ciclos\/min.<\/li>\n<li>m\u00e1x. Dimensiones de los paquetes: 240 mm de ancho para paquetes de papel y 180 mm para paquetes de pel\u00edcula, altura 150 mm, longitud ilimitada.<\/li>\n<\/ul>\n","protected":false},"excerpt":{"rendered":"<p>Material del paquete: papel kraft estucado o film de polipropileno transparente Equipo con pantalla digital, indicador de errores y control electr\u00f3nico de la temperatura Posibilidades de funcionamiento: Activaci\u00f3n de un ciclo mediante pulsador, activaci\u00f3n de un ciclo mediante pedal o activaci\u00f3n autom\u00e1tica mediante sensor ancho de banda 40 mm o 30 mm Longitud de rollo [&hellip;]<\/p>\n","protected":false},"featured_media":63106,"template":"","meta":[],"product_brand":[],"product_cat":[2862],"product_tag":[],"class_list":{"0":"post-92524","1":"product","2":"type-product","3":"status-publish","4":"has-post-thumbnail","6":"product_cat-maquinas-perladoras","7":"pa_baujahr-140","8":"pa_hersteller-gerhard-busch","9":"pa_typ-tb-24-ii-mit-grossrollenspender-grs","11":"first","12":"instock","13":"sold-individually","14":"taxable","15":"shipping-taxable","16":"purchasable","17":"product-type-simple"},"jetpack_sharing_enabled":true,"_links":{"self":[{"href":"https:\/\/www.3p-gmbh.de\/es\/wp-json\/wp\/v2\/product\/92524","targetHints":{"allow":["GET"]}}],"collection":[{"href":"https:\/\/www.3p-gmbh.de\/es\/wp-json\/wp\/v2\/product"}],"about":[{"href":"https:\/\/www.3p-gmbh.de\/es\/wp-json\/wp\/v2\/types\/product"}],"wp:featuredmedia":[{"embeddable":true,"href":"https:\/\/www.3p-gmbh.de\/es\/wp-json\/wp\/v2\/media\/63106"}],"wp:attachment":[{"href":"https:\/\/www.3p-gmbh.de\/es\/wp-json\/wp\/v2\/media?parent=92524"}],"wp:term":[{"taxonomy":"product_brand","embeddable":true,"href":"https:\/\/www.3p-gmbh.de\/es\/wp-json\/wp\/v2\/product_brand?post=92524"},{"taxonomy":"product_cat","embeddable":true,"href":"https:\/\/www.3p-gmbh.de\/es\/wp-json\/wp\/v2\/product_cat?post=92524"},{"taxonomy":"product_tag","embeddable":true,"href":"https:\/\/www.3p-gmbh.de\/es\/wp-json\/wp\/v2\/product_tag?post=92524"}],"curies":[{"name":"wp","href":"https:\/\/api.w.org\/{rel}","templated":true}]}}