{"id":92500,"date":"2019-07-11T13:52:11","date_gmt":"2019-07-11T13:52:11","guid":{"rendered":"https:\/\/www.3p-gmbh.de\/produkt\/extraccion-hunkeler-hsa-zst-con-prensa-de-balas\/"},"modified":"2019-07-11T13:52:11","modified_gmt":"2019-07-11T13:52:11","slug":"aspiracion-con-balanza-automatica","status":"publish","type":"product","link":"https:\/\/www.3p-gmbh.de\/es\/produkt\/aspiracion-con-balanza-automatica\/","title":{"rendered":"Extracci\u00f3n Hunkeler HSA-ZST con prensa de balas"},"content":{"rendered":"<ul>\n<li>Extracci\u00f3n Hunkeler con empacadora autom\u00e1tica de canal HSM<\/li>\n<li>Aspiraci\u00f3n de bordes\/recortes con enfardado autom\u00e1tico para el acabado de impresi\u00f3n digital o para restos de pel\u00edcula en m\u00e1quinas de estampaci\u00f3n en caliente y mucho m\u00e1s.<\/li>\n<\/ul>\n","protected":false},"excerpt":{"rendered":"<p>Extracci\u00f3n Hunkeler con empacadora autom\u00e1tica de canal HSM Aspiraci\u00f3n de bordes\/recortes con enfardado autom\u00e1tico para el acabado de impresi\u00f3n digital o para restos de pel\u00edcula en m\u00e1quinas de estampaci\u00f3n en caliente y mucho m\u00e1s.<\/p>\n","protected":false},"featured_media":71359,"template":"","meta":[],"product_brand":[],"product_cat":[2925],"product_tag":[],"class_list":{"0":"post-92500","1":"product","2":"type-product","3":"status-publish","4":"has-post-thumbnail","6":"product_cat-prensas-es","7":"pa_baujahr-140","8":"pa_hersteller-hunkeler-hsm","9":"pa_typ-kanalballenpresse-hsm-kp-80","11":"first","12":"instock","13":"sold-individually","14":"taxable","15":"shipping-taxable","16":"purchasable","17":"product-type-simple"},"jetpack_sharing_enabled":true,"_links":{"self":[{"href":"https:\/\/www.3p-gmbh.de\/es\/wp-json\/wp\/v2\/product\/92500","targetHints":{"allow":["GET"]}}],"collection":[{"href":"https:\/\/www.3p-gmbh.de\/es\/wp-json\/wp\/v2\/product"}],"about":[{"href":"https:\/\/www.3p-gmbh.de\/es\/wp-json\/wp\/v2\/types\/product"}],"wp:featuredmedia":[{"embeddable":true,"href":"https:\/\/www.3p-gmbh.de\/es\/wp-json\/wp\/v2\/media\/71359"}],"wp:attachment":[{"href":"https:\/\/www.3p-gmbh.de\/es\/wp-json\/wp\/v2\/media?parent=92500"}],"wp:term":[{"taxonomy":"product_brand","embeddable":true,"href":"https:\/\/www.3p-gmbh.de\/es\/wp-json\/wp\/v2\/product_brand?post=92500"},{"taxonomy":"product_cat","embeddable":true,"href":"https:\/\/www.3p-gmbh.de\/es\/wp-json\/wp\/v2\/product_cat?post=92500"},{"taxonomy":"product_tag","embeddable":true,"href":"https:\/\/www.3p-gmbh.de\/es\/wp-json\/wp\/v2\/product_tag?post=92500"}],"curies":[{"name":"wp","href":"https:\/\/api.w.org\/{rel}","templated":true}]}}