{"id":92492,"date":"2019-07-11T13:52:17","date_gmt":"2019-07-11T13:52:17","guid":{"rendered":"https:\/\/www.3p-gmbh.de\/produkt\/prensa-offset-de-dos-colores-roland-practica-prz-00\/"},"modified":"2019-07-11T13:52:17","modified_gmt":"2019-07-11T13:52:17","slug":"bicolor-5","status":"publish","type":"product","link":"https:\/\/www.3p-gmbh.de\/es\/produkt\/bicolor-5\/","title":{"rendered":"Prensa offset de dos colores Roland Practica PRZ 00"},"content":{"rendered":"<ul>\n<li>A\u00f1o de fabricaci\u00f3n 1999<\/li>\n<li>Lectura de contador 25 millones de impresiones<\/li>\n<li>Giro con cilindro grande (doble circunferencia) 1\/1 &#8211; 2\/0<\/li>\n<li>Inversor Mabeg<\/li>\n<li>Cuchillas de color rectificadas por l\u00e1ser<\/li>\n<li>Carro de reparto<\/li>\n<li>Documentaci\u00f3n y herramientas est\u00e1ndar<\/li>\n<\/ul>\n","protected":false},"excerpt":{"rendered":"<p>A\u00f1o de fabricaci\u00f3n 1999 Lectura de contador 25 millones de impresiones Giro con cilindro grande (doble circunferencia) 1\/1 &#8211; 2\/0 Inversor Mabeg Cuchillas de color rectificadas por l\u00e1ser Carro de reparto Documentaci\u00f3n y herramientas est\u00e1ndar<\/p>\n","protected":false},"featured_media":63400,"template":"","meta":[],"product_brand":[],"product_cat":[3076],"product_tag":[],"class_list":{"0":"post-92492","1":"product","2":"type-product","3":"status-publish","4":"has-post-thumbnail","6":"product_cat-offset-de-pliegos-2-colores","7":"pa_baujahr-158","8":"pa_hersteller-edelmann-roland","9":"pa_typ-practica-prz-00","11":"first","12":"instock","13":"sold-individually","14":"taxable","15":"shipping-taxable","16":"purchasable","17":"product-type-simple"},"jetpack_sharing_enabled":true,"_links":{"self":[{"href":"https:\/\/www.3p-gmbh.de\/es\/wp-json\/wp\/v2\/product\/92492","targetHints":{"allow":["GET"]}}],"collection":[{"href":"https:\/\/www.3p-gmbh.de\/es\/wp-json\/wp\/v2\/product"}],"about":[{"href":"https:\/\/www.3p-gmbh.de\/es\/wp-json\/wp\/v2\/types\/product"}],"wp:featuredmedia":[{"embeddable":true,"href":"https:\/\/www.3p-gmbh.de\/es\/wp-json\/wp\/v2\/media\/63400"}],"wp:attachment":[{"href":"https:\/\/www.3p-gmbh.de\/es\/wp-json\/wp\/v2\/media?parent=92492"}],"wp:term":[{"taxonomy":"product_brand","embeddable":true,"href":"https:\/\/www.3p-gmbh.de\/es\/wp-json\/wp\/v2\/product_brand?post=92492"},{"taxonomy":"product_cat","embeddable":true,"href":"https:\/\/www.3p-gmbh.de\/es\/wp-json\/wp\/v2\/product_cat?post=92492"},{"taxonomy":"product_tag","embeddable":true,"href":"https:\/\/www.3p-gmbh.de\/es\/wp-json\/wp\/v2\/product_tag?post=92492"}],"curies":[{"name":"wp","href":"https:\/\/api.w.org\/{rel}","templated":true}]}}