{"id":92487,"date":"2019-07-11T13:52:17","date_gmt":"2019-07-11T13:52:17","guid":{"rendered":"https:\/\/www.3p-gmbh.de\/produkt\/maquina-offset-de-dos-colores-ryobi-3300-mr\/"},"modified":"2019-07-11T13:52:17","modified_gmt":"2019-07-11T13:52:17","slug":"bicolor-3","status":"publish","type":"product","link":"https:\/\/www.3p-gmbh.de\/es\/produkt\/bicolor-3\/","title":{"rendered":"M\u00e1quina offset de dos colores Ryobi 3300 MR"},"content":{"rendered":"<ul>\n<li>Tama\u00f1o de la hoja 340 X 450 mm<\/li>\n<li>Tama\u00f1o de impresi\u00f3n 330 X 438 mm<\/li>\n<li>Trabajos de amortiguaci\u00f3n Varn Kompac<\/li>\n<\/ul>\n","protected":false},"excerpt":{"rendered":"<p>Tama\u00f1o de la hoja 340 X 450 mm Tama\u00f1o de impresi\u00f3n 330 X 438 mm Trabajos de amortiguaci\u00f3n Varn Kompac<\/p>\n","protected":false},"featured_media":71491,"template":"","meta":[],"product_brand":[],"product_cat":[3076],"product_tag":[],"class_list":{"0":"post-92487","1":"product","2":"type-product","3":"status-publish","4":"has-post-thumbnail","6":"product_cat-offset-de-pliegos-2-colores","7":"pa_baujahr-262","8":"pa_hersteller-ryobi-3300mr","9":"pa_typ-ryobi-3300mr","11":"first","12":"instock","13":"sold-individually","14":"taxable","15":"shipping-taxable","16":"purchasable","17":"product-type-simple"},"jetpack_sharing_enabled":true,"_links":{"self":[{"href":"https:\/\/www.3p-gmbh.de\/es\/wp-json\/wp\/v2\/product\/92487","targetHints":{"allow":["GET"]}}],"collection":[{"href":"https:\/\/www.3p-gmbh.de\/es\/wp-json\/wp\/v2\/product"}],"about":[{"href":"https:\/\/www.3p-gmbh.de\/es\/wp-json\/wp\/v2\/types\/product"}],"wp:featuredmedia":[{"embeddable":true,"href":"https:\/\/www.3p-gmbh.de\/es\/wp-json\/wp\/v2\/media\/71491"}],"wp:attachment":[{"href":"https:\/\/www.3p-gmbh.de\/es\/wp-json\/wp\/v2\/media?parent=92487"}],"wp:term":[{"taxonomy":"product_brand","embeddable":true,"href":"https:\/\/www.3p-gmbh.de\/es\/wp-json\/wp\/v2\/product_brand?post=92487"},{"taxonomy":"product_cat","embeddable":true,"href":"https:\/\/www.3p-gmbh.de\/es\/wp-json\/wp\/v2\/product_cat?post=92487"},{"taxonomy":"product_tag","embeddable":true,"href":"https:\/\/www.3p-gmbh.de\/es\/wp-json\/wp\/v2\/product_tag?post=92487"}],"curies":[{"name":"wp","href":"https:\/\/api.w.org\/{rel}","templated":true}]}}