{"id":92476,"date":"2019-07-11T13:52:17","date_gmt":"2019-07-11T13:52:17","guid":{"rendered":"https:\/\/www.3p-gmbh.de\/produkt\/maquina-offset-de-dos-colores-heidelberg-gtoz-46\/"},"modified":"2019-07-11T13:52:17","modified_gmt":"2019-07-11T13:52:17","slug":"bicolor-2","status":"publish","type":"product","link":"https:\/\/www.3p-gmbh.de\/es\/produkt\/bicolor-2\/","title":{"rendered":"M\u00e1quina offset de dos colores Heidelberg GTOZ-46"},"content":{"rendered":"<ul>\n<li>incl. Unidad de sangr\u00eda para numeraci\u00f3n y eje de perforaci\u00f3n transversal adicional<\/li>\n<li>sin doblar<\/li>\n<li>Formato 32x46cm<\/li>\n<li>Amortiguaci\u00f3n Molleton<\/li>\n<\/ul>\n","protected":false},"excerpt":{"rendered":"<p>incl. Unidad de sangr\u00eda para numeraci\u00f3n y eje de perforaci\u00f3n transversal adicional sin doblar Formato 32x46cm Amortiguaci\u00f3n Molleton<\/p>\n","protected":false},"featured_media":63331,"template":"","meta":[],"product_brand":[],"product_cat":[3076],"product_tag":[],"class_list":{"0":"post-92476","1":"product","2":"type-product","3":"status-publish","4":"has-post-thumbnail","6":"product_cat-offset-de-pliegos-2-colores","7":"pa_baujahr-282","8":"pa_hersteller-heidelberg","9":"pa_typ-gtoz-46-np","11":"first","12":"instock","13":"sold-individually","14":"taxable","15":"shipping-taxable","16":"purchasable","17":"product-type-simple"},"jetpack_sharing_enabled":true,"_links":{"self":[{"href":"https:\/\/www.3p-gmbh.de\/es\/wp-json\/wp\/v2\/product\/92476","targetHints":{"allow":["GET"]}}],"collection":[{"href":"https:\/\/www.3p-gmbh.de\/es\/wp-json\/wp\/v2\/product"}],"about":[{"href":"https:\/\/www.3p-gmbh.de\/es\/wp-json\/wp\/v2\/types\/product"}],"wp:featuredmedia":[{"embeddable":true,"href":"https:\/\/www.3p-gmbh.de\/es\/wp-json\/wp\/v2\/media\/63331"}],"wp:attachment":[{"href":"https:\/\/www.3p-gmbh.de\/es\/wp-json\/wp\/v2\/media?parent=92476"}],"wp:term":[{"taxonomy":"product_brand","embeddable":true,"href":"https:\/\/www.3p-gmbh.de\/es\/wp-json\/wp\/v2\/product_brand?post=92476"},{"taxonomy":"product_cat","embeddable":true,"href":"https:\/\/www.3p-gmbh.de\/es\/wp-json\/wp\/v2\/product_cat?post=92476"},{"taxonomy":"product_tag","embeddable":true,"href":"https:\/\/www.3p-gmbh.de\/es\/wp-json\/wp\/v2\/product_tag?post=92476"}],"curies":[{"name":"wp","href":"https:\/\/api.w.org\/{rel}","templated":true}]}}