{"id":92461,"date":"2019-07-11T13:52:25","date_gmt":"2019-07-11T13:52:25","guid":{"rendered":"https:\/\/www.3p-gmbh.de\/produkt\/maquina-offset-de-cuatricromia-heidelberg-gto-52-4-p3\/"},"modified":"2019-07-11T13:52:25","modified_gmt":"2019-07-11T13:52:25","slug":"cuatricromia-3","status":"publish","type":"product","link":"https:\/\/www.3p-gmbh.de\/es\/produkt\/cuatricromia-3\/","title":{"rendered":"M\u00e1quina offset de cuatricrom\u00eda Heidelberg GTO 52-4-P3"},"content":{"rendered":"<ul>\n<li>Versi\u00f3n Plus con funci\u00f3n N&amp;P<\/li>\n<li>aprox. 33,2 millones de copias<\/li>\n<li>Tama\u00f1o de la hoja 36&#215;52 cm<\/li>\n<li>Turno 2-2 \/ 4-0<\/li>\n<li>Sistemas de amortiguaci\u00f3n DDS<\/li>\n<li>Control electr\u00f3nico de doble hoja<\/li>\n<li>Placa de sujeci\u00f3n r\u00e1pida<\/li>\n<li>Aparato de polvo<\/li>\n<\/ul>\n","protected":false},"excerpt":{"rendered":"<p>Versi\u00f3n Plus con funci\u00f3n N&amp;P aprox. 33,2 millones de copias Tama\u00f1o de la hoja 36&#215;52 cm Turno 2-2 \/ 4-0 Sistemas de amortiguaci\u00f3n DDS Control electr\u00f3nico de doble hoja Placa de sujeci\u00f3n r\u00e1pida Aparato de polvo<\/p>\n","protected":false},"featured_media":71467,"template":"","meta":[],"product_brand":[],"product_cat":[3071],"product_tag":[],"class_list":{"0":"post-92461","1":"product","2":"type-product","3":"status-publish","4":"has-post-thumbnail","6":"product_cat-offset-de-pliegos-4-colores","7":"pa_baujahr-158","8":"pa_hersteller-heidelbergerg","9":"pa_typ-gto-52-4-p3","11":"first","12":"instock","13":"sold-individually","14":"taxable","15":"shipping-taxable","16":"purchasable","17":"product-type-simple"},"jetpack_sharing_enabled":true,"_links":{"self":[{"href":"https:\/\/www.3p-gmbh.de\/es\/wp-json\/wp\/v2\/product\/92461","targetHints":{"allow":["GET"]}}],"collection":[{"href":"https:\/\/www.3p-gmbh.de\/es\/wp-json\/wp\/v2\/product"}],"about":[{"href":"https:\/\/www.3p-gmbh.de\/es\/wp-json\/wp\/v2\/types\/product"}],"wp:featuredmedia":[{"embeddable":true,"href":"https:\/\/www.3p-gmbh.de\/es\/wp-json\/wp\/v2\/media\/71467"}],"wp:attachment":[{"href":"https:\/\/www.3p-gmbh.de\/es\/wp-json\/wp\/v2\/media?parent=92461"}],"wp:term":[{"taxonomy":"product_brand","embeddable":true,"href":"https:\/\/www.3p-gmbh.de\/es\/wp-json\/wp\/v2\/product_brand?post=92461"},{"taxonomy":"product_cat","embeddable":true,"href":"https:\/\/www.3p-gmbh.de\/es\/wp-json\/wp\/v2\/product_cat?post=92461"},{"taxonomy":"product_tag","embeddable":true,"href":"https:\/\/www.3p-gmbh.de\/es\/wp-json\/wp\/v2\/product_tag?post=92461"}],"curies":[{"name":"wp","href":"https:\/\/api.w.org\/{rel}","templated":true}]}}