{"id":92448,"date":"2019-07-11T13:51:36","date_gmt":"2019-07-11T13:51:36","guid":{"rendered":"https:\/\/www.3p-gmbh.de\/produkt\/envasadora-horizontal-hugo-beck-flexo-500-s\/"},"modified":"2019-07-11T13:51:36","modified_gmt":"2019-07-11T13:51:36","slug":"linea-horizontal-de-envoltura-en-film","status":"publish","type":"product","link":"https:\/\/www.3p-gmbh.de\/es\/produkt\/linea-horizontal-de-envoltura-en-film\/","title":{"rendered":"Envasadora horizontal Hugo Beck Flexo 500 S"},"content":{"rendered":"<ul>\n<li>Envolvedora de film con ancho de film m\u00e1x. 500 mm<\/li>\n<li>Alimentaci\u00f3n del producto manual como m\u00e1quina independiente o autom\u00e1tica en l\u00ednea<\/li>\n<li>Material utilizado Film PE, PO, biopl\u00e1sticos, medio tubo y film plano<\/li>\n<li>Dimensiones del producto Longitud desde 45 mm, anchura 10 &#8211; 450 mm, altura m\u00e1x. 250 mm<\/li>\n<li>T\u00fanel de retractilado Hugo Beck SLB 5015 \/ 23e<\/li>\n<li>Cinta de entrada y salida de 100 cm<\/li>\n<\/ul>\n","protected":false},"excerpt":{"rendered":"<p>Envolvedora de film con ancho de film m\u00e1x. 500 mm Alimentaci\u00f3n del producto manual como m\u00e1quina independiente o autom\u00e1tica en l\u00ednea Material utilizado Film PE, PO, biopl\u00e1sticos, medio tubo y film plano Dimensiones del producto Longitud desde 45 mm, anchura 10 &#8211; 450 mm, altura m\u00e1x. 250 mm T\u00fanel de retractilado Hugo Beck SLB 5015 [&hellip;]<\/p>\n","protected":false},"featured_media":71545,"template":"","meta":[],"product_brand":[],"product_cat":[3028],"product_tag":[],"class_list":{"0":"post-92448","1":"product","2":"type-product","3":"status-publish","4":"has-post-thumbnail","6":"product_cat-envasadora-de-film-y-envasadora-estirable","7":"pa_baujahr-143","8":"pa_hersteller-hugo-beck","9":"pa_typ-flexo-500-s-mit-slb-5015-23e","11":"first","12":"instock","13":"sold-individually","14":"taxable","15":"shipping-taxable","16":"purchasable","17":"product-type-simple"},"jetpack_sharing_enabled":true,"_links":{"self":[{"href":"https:\/\/www.3p-gmbh.de\/es\/wp-json\/wp\/v2\/product\/92448","targetHints":{"allow":["GET"]}}],"collection":[{"href":"https:\/\/www.3p-gmbh.de\/es\/wp-json\/wp\/v2\/product"}],"about":[{"href":"https:\/\/www.3p-gmbh.de\/es\/wp-json\/wp\/v2\/types\/product"}],"wp:featuredmedia":[{"embeddable":true,"href":"https:\/\/www.3p-gmbh.de\/es\/wp-json\/wp\/v2\/media\/71545"}],"wp:attachment":[{"href":"https:\/\/www.3p-gmbh.de\/es\/wp-json\/wp\/v2\/media?parent=92448"}],"wp:term":[{"taxonomy":"product_brand","embeddable":true,"href":"https:\/\/www.3p-gmbh.de\/es\/wp-json\/wp\/v2\/product_brand?post=92448"},{"taxonomy":"product_cat","embeddable":true,"href":"https:\/\/www.3p-gmbh.de\/es\/wp-json\/wp\/v2\/product_cat?post=92448"},{"taxonomy":"product_tag","embeddable":true,"href":"https:\/\/www.3p-gmbh.de\/es\/wp-json\/wp\/v2\/product_tag?post=92448"}],"curies":[{"name":"wp","href":"https:\/\/api.w.org\/{rel}","templated":true}]}}