{"id":92445,"date":"2019-07-11T13:51:36","date_gmt":"2019-07-11T13:51:36","guid":{"rendered":"https:\/\/www.3p-gmbh.de\/produkt\/prensa-neumatica-de-estampacion-en-caliente-gierlich-pe-600\/"},"modified":"2019-07-11T13:51:36","modified_gmt":"2019-07-11T13:51:36","slug":"prensa-neumatica-de-lamina-caliente","status":"publish","type":"product","link":"https:\/\/www.3p-gmbh.de\/es\/produkt\/prensa-neumatica-de-lamina-caliente\/","title":{"rendered":"Prensa neum\u00e1tica de estampaci\u00f3n en caliente Gierlich PE 600"},"content":{"rendered":"<ul>\n<li>Compartimento carrusel de 6 estaciones<\/li>\n<li>Prensa de estampaci\u00f3n en caliente para la producci\u00f3n de pasaportes, tarjetas de identidad, bolsillos de l\u00e1mina, etc.<\/li>\n<\/ul>\n","protected":false},"excerpt":{"rendered":"<p>Compartimento carrusel de 6 estaciones Prensa de estampaci\u00f3n en caliente para la producci\u00f3n de pasaportes, tarjetas de identidad, bolsillos de l\u00e1mina, etc.<\/p>\n","protected":false},"featured_media":62626,"template":"","meta":[],"product_brand":[],"product_cat":[2894],"product_tag":[],"class_list":{"0":"post-92445","1":"product","2":"type-product","3":"status-publish","4":"has-post-thumbnail","6":"product_cat-surtido-encuadernacion","7":"pa_baujahr-113","8":"pa_hersteller-gierlich","9":"pa_typ-pe-600","11":"first","12":"instock","13":"sold-individually","14":"taxable","15":"shipping-taxable","16":"purchasable","17":"product-type-simple"},"jetpack_sharing_enabled":true,"_links":{"self":[{"href":"https:\/\/www.3p-gmbh.de\/es\/wp-json\/wp\/v2\/product\/92445","targetHints":{"allow":["GET"]}}],"collection":[{"href":"https:\/\/www.3p-gmbh.de\/es\/wp-json\/wp\/v2\/product"}],"about":[{"href":"https:\/\/www.3p-gmbh.de\/es\/wp-json\/wp\/v2\/types\/product"}],"wp:featuredmedia":[{"embeddable":true,"href":"https:\/\/www.3p-gmbh.de\/es\/wp-json\/wp\/v2\/media\/62626"}],"wp:attachment":[{"href":"https:\/\/www.3p-gmbh.de\/es\/wp-json\/wp\/v2\/media?parent=92445"}],"wp:term":[{"taxonomy":"product_brand","embeddable":true,"href":"https:\/\/www.3p-gmbh.de\/es\/wp-json\/wp\/v2\/product_brand?post=92445"},{"taxonomy":"product_cat","embeddable":true,"href":"https:\/\/www.3p-gmbh.de\/es\/wp-json\/wp\/v2\/product_cat?post=92445"},{"taxonomy":"product_tag","embeddable":true,"href":"https:\/\/www.3p-gmbh.de\/es\/wp-json\/wp\/v2\/product_tag?post=92445"}],"curies":[{"name":"wp","href":"https:\/\/api.w.org\/{rel}","templated":true}]}}