{"id":92439,"date":"2019-07-11T13:51:36","date_gmt":"2019-07-11T13:51:36","guid":{"rendered":"https:\/\/www.3p-gmbh.de\/produkt\/selladora-automatica-de-cajas-plegables-normpack-tapemat-ncg-320\/"},"modified":"2019-07-11T13:51:36","modified_gmt":"2019-07-11T13:51:36","slug":"maquina-precintadora-automatica-de-cajas-plegables","status":"publish","type":"product","link":"https:\/\/www.3p-gmbh.de\/es\/produkt\/maquina-precintadora-automatica-de-cajas-plegables\/","title":{"rendered":"Selladora autom\u00e1tica de cajas plegables Normpack Tapemat NCG 320"},"content":{"rendered":"<ul>\n<li>con accionamiento por debajo de la banda<\/li>\n<li>Ajuste manual sencillo y r\u00e1pido de la altura y la anchura para obtener paquetes de tama\u00f1o uniforme<\/li>\n<li>uni\u00f3n sin fisuras de las aletas superior e inferior<\/li>\n<li>Anchura de la caja plegable 130-520 mm<\/li>\n<li>Longitud de la caja plegable de 150 mm a sin fin<\/li>\n<li>Altura de la caja plegable 100-520 mm<\/li>\n<li>Altura de entrada regulable de 650 a 750 mm<\/li>\n<li>Salida de hasta 30 paquetes como m\u00ednimo (en funci\u00f3n de la longitud del paquete)<\/li>\n<li>Desconexi\u00f3n autom\u00e1tica de la cinta transportadora<\/li>\n<li>Ancho de cinta ajustado 50 mm<\/li>\n<\/ul>\n","protected":false},"excerpt":{"rendered":"<p>con accionamiento por debajo de la banda Ajuste manual sencillo y r\u00e1pido de la altura y la anchura para obtener paquetes de tama\u00f1o uniforme uni\u00f3n sin fisuras de las aletas superior e inferior Anchura de la caja plegable 130-520 mm Longitud de la caja plegable de 150 mm a sin fin Altura de la caja [&hellip;]<\/p>\n","protected":false},"featured_media":62683,"template":"","meta":[],"product_brand":[],"product_cat":[2992],"product_tag":[],"class_list":{"0":"post-92439","1":"product","2":"type-product","3":"status-publish","4":"has-post-thumbnail","6":"product_cat-envasadoras-de-carton","7":"pa_baujahr-130","8":"pa_hersteller-normpack","9":"pa_typ-tapemat-ncg-320-v400","11":"first","12":"instock","13":"sold-individually","14":"taxable","15":"shipping-taxable","16":"purchasable","17":"product-type-simple"},"jetpack_sharing_enabled":true,"_links":{"self":[{"href":"https:\/\/www.3p-gmbh.de\/es\/wp-json\/wp\/v2\/product\/92439","targetHints":{"allow":["GET"]}}],"collection":[{"href":"https:\/\/www.3p-gmbh.de\/es\/wp-json\/wp\/v2\/product"}],"about":[{"href":"https:\/\/www.3p-gmbh.de\/es\/wp-json\/wp\/v2\/types\/product"}],"wp:featuredmedia":[{"embeddable":true,"href":"https:\/\/www.3p-gmbh.de\/es\/wp-json\/wp\/v2\/media\/62683"}],"wp:attachment":[{"href":"https:\/\/www.3p-gmbh.de\/es\/wp-json\/wp\/v2\/media?parent=92439"}],"wp:term":[{"taxonomy":"product_brand","embeddable":true,"href":"https:\/\/www.3p-gmbh.de\/es\/wp-json\/wp\/v2\/product_brand?post=92439"},{"taxonomy":"product_cat","embeddable":true,"href":"https:\/\/www.3p-gmbh.de\/es\/wp-json\/wp\/v2\/product_cat?post=92439"},{"taxonomy":"product_tag","embeddable":true,"href":"https:\/\/www.3p-gmbh.de\/es\/wp-json\/wp\/v2\/product_tag?post=92439"}],"curies":[{"name":"wp","href":"https:\/\/api.w.org\/{rel}","templated":true}]}}