{"id":92429,"date":"2019-07-11T13:51:44","date_gmt":"2019-07-11T13:51:44","guid":{"rendered":"https:\/\/www.3p-gmbh.de\/produkt\/flejadora-automatica-mosca-ro-m-p2\/"},"modified":"2019-07-11T13:51:44","modified_gmt":"2019-07-11T13:51:44","slug":"flejadora-automatica","status":"publish","type":"product","link":"https:\/\/www.3p-gmbh.de\/es\/produkt\/flejadora-automatica\/","title":{"rendered":"Flejadora autom\u00e1tica Mosca RO-M-P2"},"content":{"rendered":"<ul>\n<li>Tama\u00f1o del marco: aprox. 300 x 400 mm<\/li>\n<li>Gu\u00eda de correa sin desgaste y con control positivo<\/li>\n<li>Tensi\u00f3n de la correa ajustable mediante potenci\u00f3metro<\/li>\n<li>Sistema de soldadura de cu\u00f1a caliente<\/li>\n<li>Robusto pedal para soltar el fleje<\/li>\n<li>4 ruedas, 2 de ellas bloqueables<\/li>\n<li>Flejado: fleje de PP adecuado para m\u00e1quinas autom\u00e1ticas<\/li>\n<li>Tensi\u00f3n de red: 230 V , 50\/60 Hz<\/li>\n<\/ul>\n","protected":false},"excerpt":{"rendered":"<p>Tama\u00f1o del marco: aprox. 300 x 400 mm Gu\u00eda de correa sin desgaste y con control positivo Tensi\u00f3n de la correa ajustable mediante potenci\u00f3metro Sistema de soldadura de cu\u00f1a caliente Robusto pedal para soltar el fleje 4 ruedas, 2 de ellas bloqueables Flejado: fleje de PP adecuado para m\u00e1quinas autom\u00e1ticas Tensi\u00f3n de red: 230 V [&hellip;]<\/p>\n","protected":false},"featured_media":62794,"template":"","meta":[],"product_brand":[],"product_cat":[3006],"product_tag":[],"class_list":{"0":"post-92429","1":"product","2":"type-product","3":"status-publish","4":"has-post-thumbnail","6":"product_cat-flejadoras","7":"pa_baujahr-165","8":"pa_hersteller-gerd-mosca","9":"pa_typ-ro-m-p2","11":"first","12":"instock","13":"sold-individually","14":"taxable","15":"shipping-taxable","16":"purchasable","17":"product-type-simple"},"jetpack_sharing_enabled":true,"_links":{"self":[{"href":"https:\/\/www.3p-gmbh.de\/es\/wp-json\/wp\/v2\/product\/92429","targetHints":{"allow":["GET"]}}],"collection":[{"href":"https:\/\/www.3p-gmbh.de\/es\/wp-json\/wp\/v2\/product"}],"about":[{"href":"https:\/\/www.3p-gmbh.de\/es\/wp-json\/wp\/v2\/types\/product"}],"wp:featuredmedia":[{"embeddable":true,"href":"https:\/\/www.3p-gmbh.de\/es\/wp-json\/wp\/v2\/media\/62794"}],"wp:attachment":[{"href":"https:\/\/www.3p-gmbh.de\/es\/wp-json\/wp\/v2\/media?parent=92429"}],"wp:term":[{"taxonomy":"product_brand","embeddable":true,"href":"https:\/\/www.3p-gmbh.de\/es\/wp-json\/wp\/v2\/product_brand?post=92429"},{"taxonomy":"product_cat","embeddable":true,"href":"https:\/\/www.3p-gmbh.de\/es\/wp-json\/wp\/v2\/product_cat?post=92429"},{"taxonomy":"product_tag","embeddable":true,"href":"https:\/\/www.3p-gmbh.de\/es\/wp-json\/wp\/v2\/product_tag?post=92429"}],"curies":[{"name":"wp","href":"https:\/\/api.w.org\/{rel}","templated":true}]}}