{"id":92422,"date":"2019-07-11T13:51:44","date_gmt":"2019-07-11T13:51:44","guid":{"rendered":"https:\/\/www.3p-gmbh.de\/produkt\/maquina-de-retractilado-angular-totalmente-automatica-pactur-ladypack-auto-60\/"},"modified":"2019-07-11T13:51:44","modified_gmt":"2019-07-11T13:51:44","slug":"maquina-de-retractilado-angular-totalmente-automatica","status":"publish","type":"product","link":"https:\/\/www.3p-gmbh.de\/es\/produkt\/maquina-de-retractilado-angular-totalmente-automatica\/","title":{"rendered":"M\u00e1quina de retractilado angular totalmente autom\u00e1tica Pactur Ladypack Auto 60"},"content":{"rendered":"<p>La unidad ofrece el m\u00e1ximo nivel de comodidad en el campo de la tecnolog\u00eda de soldadura angular. A trav\u00e9s de un panel de control de f\u00e1cil manejo, se pueden almacenar y consultar 20 tama\u00f1os de producto diferentes introduciendo el c\u00f3digo abreviado correspondiente. El ajuste a los productos se realiza autom\u00e1ticamente.<\/p>\n","protected":false},"excerpt":{"rendered":"<p>La unidad ofrece el m\u00e1ximo nivel de comodidad en el campo de la tecnolog\u00eda de soldadura angular. A trav\u00e9s de un panel de control de f\u00e1cil manejo, se pueden almacenar y consultar 20 tama\u00f1os de producto diferentes introduciendo el c\u00f3digo abreviado correspondiente. El ajuste a los productos se realiza autom\u00e1ticamente.<\/p>\n","protected":false},"featured_media":62767,"template":"","meta":[],"product_brand":[],"product_cat":[3028],"product_tag":[],"class_list":{"0":"post-92422","1":"product","2":"type-product","3":"status-publish","4":"has-post-thumbnail","6":"product_cat-envasadora-de-film-y-envasadora-estirable","7":"pa_baujahr-158","8":"pa_hersteller-paktur","9":"pa_typ-ladypack-auto-60","11":"first","12":"instock","13":"sold-individually","14":"taxable","15":"shipping-taxable","16":"purchasable","17":"product-type-simple"},"jetpack_sharing_enabled":true,"_links":{"self":[{"href":"https:\/\/www.3p-gmbh.de\/es\/wp-json\/wp\/v2\/product\/92422","targetHints":{"allow":["GET"]}}],"collection":[{"href":"https:\/\/www.3p-gmbh.de\/es\/wp-json\/wp\/v2\/product"}],"about":[{"href":"https:\/\/www.3p-gmbh.de\/es\/wp-json\/wp\/v2\/types\/product"}],"wp:featuredmedia":[{"embeddable":true,"href":"https:\/\/www.3p-gmbh.de\/es\/wp-json\/wp\/v2\/media\/62767"}],"wp:attachment":[{"href":"https:\/\/www.3p-gmbh.de\/es\/wp-json\/wp\/v2\/media?parent=92422"}],"wp:term":[{"taxonomy":"product_brand","embeddable":true,"href":"https:\/\/www.3p-gmbh.de\/es\/wp-json\/wp\/v2\/product_brand?post=92422"},{"taxonomy":"product_cat","embeddable":true,"href":"https:\/\/www.3p-gmbh.de\/es\/wp-json\/wp\/v2\/product_cat?post=92422"},{"taxonomy":"product_tag","embeddable":true,"href":"https:\/\/www.3p-gmbh.de\/es\/wp-json\/wp\/v2\/product_tag?post=92422"}],"curies":[{"name":"wp","href":"https:\/\/api.w.org\/{rel}","templated":true}]}}