{"id":92408,"date":"2019-07-11T13:51:44","date_gmt":"2019-07-11T13:51:44","guid":{"rendered":"https:\/\/www.3p-gmbh.de\/produkt\/kallfass-kc-5040-450-soldadora-angular-universal\/"},"modified":"2019-07-11T13:51:44","modified_gmt":"2019-07-11T13:51:44","slug":"maquina-de-soldadura-angular","status":"publish","type":"product","link":"https:\/\/www.3p-gmbh.de\/es\/produkt\/maquina-de-soldadura-angular\/","title":{"rendered":"Kallfass KC 5040-450 Soldadora angular universal"},"content":{"rendered":"<p>Esta soldadora angular compacta con t\u00fanel de retracci\u00f3n se ha creado para un uso industrial exigente con t\u00fanel de retracci\u00f3n potente combinado. Las cualidades de esta serie son especialmente evidentes en el duro funcionamiento continuo: los productos envasados pueden envasarse de forma r\u00e1pida, econ\u00f3mica y con gran calidad. La probada tecnolog\u00eda de soldadura por impulsos con hilo de corte teflonizado garantiza un funcionamiento eficaz y absolutamente libre de olores.<\/p>\n<ul>\n<li>Tipo de envasado: envasado manual en film<\/li>\n<li>Rendimiento de envasado: hasta 20 ciclos\/min.<\/li>\n<li>Gama de formatos: Dimensiones del marco de soldadura 500 x 400 mm<\/li>\n<li>Anchura de trabajo 450 mm<\/li>\n<li>Rango de trabajo altura 100-400mm<\/li>\n<li>Altura de trabajo 870-970 mm<\/li>\n<li>Transporte con cadena de varillas de silicona separaci\u00f3n 25mm<\/li>\n<li>M\u00e1quina con ruedas<\/li>\n<li>Accionamiento motorizado de la pel\u00edcula con rodillo de agujas<\/li>\n<\/ul>\n","protected":false},"excerpt":{"rendered":"<p>Esta soldadora angular compacta con t\u00fanel de retracci\u00f3n se ha creado para un uso industrial exigente con t\u00fanel de retracci\u00f3n potente combinado. Las cualidades de esta serie son especialmente evidentes en el duro funcionamiento continuo: los productos envasados pueden envasarse de forma r\u00e1pida, econ\u00f3mica y con gran calidad. La probada tecnolog\u00eda de soldadura por impulsos [&hellip;]<\/p>\n","protected":false},"featured_media":62476,"template":"","meta":[],"product_brand":[],"product_cat":[3028],"product_tag":[],"class_list":{"0":"post-92408","1":"product","2":"type-product","3":"status-publish","4":"has-post-thumbnail","6":"product_cat-envasadora-de-film-y-envasadora-estirable","7":"pa_baujahr-127","8":"pa_hersteller-kallfass","9":"pa_typ-kc-5040-450-universal","11":"first","12":"instock","13":"sold-individually","14":"taxable","15":"shipping-taxable","16":"purchasable","17":"product-type-simple"},"jetpack_sharing_enabled":true,"_links":{"self":[{"href":"https:\/\/www.3p-gmbh.de\/es\/wp-json\/wp\/v2\/product\/92408","targetHints":{"allow":["GET"]}}],"collection":[{"href":"https:\/\/www.3p-gmbh.de\/es\/wp-json\/wp\/v2\/product"}],"about":[{"href":"https:\/\/www.3p-gmbh.de\/es\/wp-json\/wp\/v2\/types\/product"}],"wp:featuredmedia":[{"embeddable":true,"href":"https:\/\/www.3p-gmbh.de\/es\/wp-json\/wp\/v2\/media\/62476"}],"wp:attachment":[{"href":"https:\/\/www.3p-gmbh.de\/es\/wp-json\/wp\/v2\/media?parent=92408"}],"wp:term":[{"taxonomy":"product_brand","embeddable":true,"href":"https:\/\/www.3p-gmbh.de\/es\/wp-json\/wp\/v2\/product_brand?post=92408"},{"taxonomy":"product_cat","embeddable":true,"href":"https:\/\/www.3p-gmbh.de\/es\/wp-json\/wp\/v2\/product_cat?post=92408"},{"taxonomy":"product_tag","embeddable":true,"href":"https:\/\/www.3p-gmbh.de\/es\/wp-json\/wp\/v2\/product_tag?post=92408"}],"curies":[{"name":"wp","href":"https:\/\/api.w.org\/{rel}","templated":true}]}}