{"id":92405,"date":"2019-07-11T13:51:44","date_gmt":"2019-07-11T13:51:44","guid":{"rendered":"https:\/\/www.3p-gmbh.de\/produkt\/encoge-marcos-interdibipack-mega-pack\/"},"modified":"2019-07-11T13:51:44","modified_gmt":"2019-07-11T13:51:44","slug":"encogedor-de-capo-de-marco","status":"publish","type":"product","link":"https:\/\/www.3p-gmbh.de\/es\/produkt\/encogedor-de-capo-de-marco\/","title":{"rendered":"Encoge Marcos Interdibipack Mega Pack"},"content":{"rendered":"<ul>\n<li>Dimensi\u00f3n cap\u00f3 82 X 122 cm<\/li>\n<li>Dimensi\u00f3n m\u00e1x. de la l\u00e1mina 25 \u00f8 x ancho 110 cm<\/li>\n<li>conexi\u00f3n el\u00e9ctrica 380V<\/li>\n<li>Consumo 9,4 kW<\/li>\n<li>Dimensiones de la m\u00e1quina 2580 x 1570 x 1110 mm, peso 310 kg<\/li>\n<\/ul>\n","protected":false},"excerpt":{"rendered":"<p>Dimensi\u00f3n cap\u00f3 82 X 122 cm Dimensi\u00f3n m\u00e1x. de la l\u00e1mina 25 \u00f8 x ancho 110 cm conexi\u00f3n el\u00e9ctrica 380V Consumo 9,4 kW Dimensiones de la m\u00e1quina 2580 x 1570 x 1110 mm, peso 310 kg<\/p>\n","protected":false},"featured_media":62743,"template":"","meta":[],"product_brand":[],"product_cat":[3028],"product_tag":[],"class_list":{"0":"post-92405","1":"product","2":"type-product","3":"status-publish","4":"has-post-thumbnail","6":"product_cat-envasadora-de-film-y-envasadora-estirable","7":"pa_baujahr-153","8":"pa_hersteller-interdibipack-s-p-a","9":"pa_typ-mega-pack","11":"first","12":"instock","13":"sold-individually","14":"taxable","15":"shipping-taxable","16":"purchasable","17":"product-type-simple"},"jetpack_sharing_enabled":true,"_links":{"self":[{"href":"https:\/\/www.3p-gmbh.de\/es\/wp-json\/wp\/v2\/product\/92405","targetHints":{"allow":["GET"]}}],"collection":[{"href":"https:\/\/www.3p-gmbh.de\/es\/wp-json\/wp\/v2\/product"}],"about":[{"href":"https:\/\/www.3p-gmbh.de\/es\/wp-json\/wp\/v2\/types\/product"}],"wp:featuredmedia":[{"embeddable":true,"href":"https:\/\/www.3p-gmbh.de\/es\/wp-json\/wp\/v2\/media\/62743"}],"wp:attachment":[{"href":"https:\/\/www.3p-gmbh.de\/es\/wp-json\/wp\/v2\/media?parent=92405"}],"wp:term":[{"taxonomy":"product_brand","embeddable":true,"href":"https:\/\/www.3p-gmbh.de\/es\/wp-json\/wp\/v2\/product_brand?post=92405"},{"taxonomy":"product_cat","embeddable":true,"href":"https:\/\/www.3p-gmbh.de\/es\/wp-json\/wp\/v2\/product_cat?post=92405"},{"taxonomy":"product_tag","embeddable":true,"href":"https:\/\/www.3p-gmbh.de\/es\/wp-json\/wp\/v2\/product_tag?post=92405"}],"curies":[{"name":"wp","href":"https:\/\/api.w.org\/{rel}","templated":true}]}}