{"id":92400,"date":"2019-07-11T13:51:48","date_gmt":"2019-07-11T13:51:48","guid":{"rendered":"https:\/\/www.3p-gmbh.de\/produkt\/flejadora-de-transito-automatica-mosca-ro-trs-4-1\/"},"modified":"2019-07-11T13:51:48","modified_gmt":"2019-07-11T13:51:48","slug":"flejadora-automatica-de-transito","status":"publish","type":"product","link":"https:\/\/www.3p-gmbh.de\/es\/produkt\/flejadora-automatica-de-transito\/","title":{"rendered":"Flejadora de tr\u00e1nsito autom\u00e1tica Mosca RO-TRS-4\/1"},"content":{"rendered":"<ul>\n<li>Posibilidad de integraci\u00f3n en cualquier l\u00ednea de procesado<\/li>\n<li>Accionamientos directos con tecnolog\u00eda de corriente continua sin desgaste<\/li>\n<li>Sistemas de transporte articulados de accionamiento directo con control de frecuencia<\/li>\n<li>Control PLC Siemens con panel t\u00e1ctil para guiado \u00f3ptico del operador y visualizaci\u00f3n de las funciones de la m\u00e1quina, lecturas de contador, mensajes de aver\u00eda, etc.<\/li>\n<li>Distancias de flejado ajustables mediante panel t\u00e1ctil<\/li>\n<li>Sistema de soldadura de cu\u00f1a caliente con regulaci\u00f3n electr\u00f3nica del calentamiento en tecnolog\u00eda de 24 V<\/li>\n<li>Enhebrado de cinta totalmente autom\u00e1tico<\/li>\n<li>Interrogaci\u00f3n de fin de cinta con expulsi\u00f3n del reposacintas<\/li>\n<li>Expulsi\u00f3n autom\u00e1tica del anillo del cintur\u00f3n en caso de disparo falso<\/li>\n<li>Gu\u00eda de correa sin desgaste y con control positivo<\/li>\n<li>Contactos sin potencial con los equipos anteriores y posteriores<\/li>\n<li>para cinta PP 12mm<\/li>\n<li>Altura de trabajo de la mesa de rodillos ajustable de 680 mm a 800 mm<\/li>\n<li>incl. mesas de entrada y salida de rodillos motorizados<\/li>\n<\/ul>\n","protected":false},"excerpt":{"rendered":"<p>Posibilidad de integraci\u00f3n en cualquier l\u00ednea de procesado Accionamientos directos con tecnolog\u00eda de corriente continua sin desgaste Sistemas de transporte articulados de accionamiento directo con control de frecuencia Control PLC Siemens con panel t\u00e1ctil para guiado \u00f3ptico del operador y visualizaci\u00f3n de las funciones de la m\u00e1quina, lecturas de contador, mensajes de aver\u00eda, etc. Distancias [&hellip;]<\/p>\n","protected":false},"featured_media":62953,"template":"","meta":[],"product_brand":[],"product_cat":[3006],"product_tag":[],"class_list":{"0":"post-92400","1":"product","2":"type-product","3":"status-publish","4":"has-post-thumbnail","6":"product_cat-flejadoras","7":"pa_baujahr-198","8":"pa_hersteller-gerd-mosca","9":"pa_typ-ro-trs-4-1","11":"first","12":"instock","13":"sold-individually","14":"taxable","15":"shipping-taxable","16":"purchasable","17":"product-type-simple"},"jetpack_sharing_enabled":true,"_links":{"self":[{"href":"https:\/\/www.3p-gmbh.de\/es\/wp-json\/wp\/v2\/product\/92400","targetHints":{"allow":["GET"]}}],"collection":[{"href":"https:\/\/www.3p-gmbh.de\/es\/wp-json\/wp\/v2\/product"}],"about":[{"href":"https:\/\/www.3p-gmbh.de\/es\/wp-json\/wp\/v2\/types\/product"}],"wp:featuredmedia":[{"embeddable":true,"href":"https:\/\/www.3p-gmbh.de\/es\/wp-json\/wp\/v2\/media\/62953"}],"wp:attachment":[{"href":"https:\/\/www.3p-gmbh.de\/es\/wp-json\/wp\/v2\/media?parent=92400"}],"wp:term":[{"taxonomy":"product_brand","embeddable":true,"href":"https:\/\/www.3p-gmbh.de\/es\/wp-json\/wp\/v2\/product_brand?post=92400"},{"taxonomy":"product_cat","embeddable":true,"href":"https:\/\/www.3p-gmbh.de\/es\/wp-json\/wp\/v2\/product_cat?post=92400"},{"taxonomy":"product_tag","embeddable":true,"href":"https:\/\/www.3p-gmbh.de\/es\/wp-json\/wp\/v2\/product_tag?post=92400"}],"curies":[{"name":"wp","href":"https:\/\/api.w.org\/{rel}","templated":true}]}}