{"id":92387,"date":"2019-07-11T13:51:48","date_gmt":"2019-07-11T13:51:48","guid":{"rendered":"https:\/\/www.3p-gmbh.de\/produkt\/flejado-normpack\/"},"modified":"2019-07-11T13:51:48","modified_gmt":"2019-07-11T13:51:48","slug":"flejado","status":"publish","type":"product","link":"https:\/\/www.3p-gmbh.de\/es\/produkt\/flejado\/","title":{"rendered":"Flejado Normpack"},"content":{"rendered":"<ul>\n<li>Dimensi\u00f3n 12 x 0,6 mm<\/li>\n<li>Di\u00e1metro del n\u00facleo 280 mm<\/li>\n<li>Resistencia a la tracci\u00f3n 130 kg<\/li>\n<li>por rollo 2500 rm<\/li>\n<li>por caja 2 rollos<\/li>\n<li>Color negro<\/li>\n<\/ul>\n","protected":false},"excerpt":{"rendered":"<p>Dimensi\u00f3n 12 x 0,6 mm Di\u00e1metro del n\u00facleo 280 mm Resistencia a la tracci\u00f3n 130 kg por rollo 2500 rm por caja 2 rollos Color negro<\/p>\n","protected":false},"featured_media":62902,"template":"","meta":[],"product_brand":[],"product_cat":[3006],"product_tag":[],"class_list":{"0":"post-92387","1":"product","2":"type-product","3":"status-publish","4":"has-post-thumbnail","6":"product_cat-flejadoras","7":"pa_hersteller-normpack","8":"pa_typ-p-p","10":"first","11":"instock","12":"sold-individually","13":"taxable","14":"shipping-taxable","15":"purchasable","16":"product-type-simple"},"jetpack_sharing_enabled":true,"_links":{"self":[{"href":"https:\/\/www.3p-gmbh.de\/es\/wp-json\/wp\/v2\/product\/92387","targetHints":{"allow":["GET"]}}],"collection":[{"href":"https:\/\/www.3p-gmbh.de\/es\/wp-json\/wp\/v2\/product"}],"about":[{"href":"https:\/\/www.3p-gmbh.de\/es\/wp-json\/wp\/v2\/types\/product"}],"wp:featuredmedia":[{"embeddable":true,"href":"https:\/\/www.3p-gmbh.de\/es\/wp-json\/wp\/v2\/media\/62902"}],"wp:attachment":[{"href":"https:\/\/www.3p-gmbh.de\/es\/wp-json\/wp\/v2\/media?parent=92387"}],"wp:term":[{"taxonomy":"product_brand","embeddable":true,"href":"https:\/\/www.3p-gmbh.de\/es\/wp-json\/wp\/v2\/product_brand?post=92387"},{"taxonomy":"product_cat","embeddable":true,"href":"https:\/\/www.3p-gmbh.de\/es\/wp-json\/wp\/v2\/product_cat?post=92387"},{"taxonomy":"product_tag","embeddable":true,"href":"https:\/\/www.3p-gmbh.de\/es\/wp-json\/wp\/v2\/product_tag?post=92387"}],"curies":[{"name":"wp","href":"https:\/\/api.w.org\/{rel}","templated":true}]}}