{"id":92374,"date":"2019-07-11T13:56:45","date_gmt":"2019-07-11T13:56:45","guid":{"rendered":"https:\/\/www.3p-gmbh.de\/produkt\/palamides-alpha-700-stack-entrega-pack-entrega\/"},"modified":"2019-07-11T13:56:45","modified_gmt":"2019-07-11T13:56:45","slug":"apilado-embalaje-embalaje-embalaje","status":"publish","type":"product","link":"https:\/\/www.3p-gmbh.de\/es\/produkt\/apilado-embalaje-embalaje-embalaje\/","title":{"rendered":"Palamides Alpha 700 Stack entrega Pack entrega"},"content":{"rendered":"<ul>\n<li>Presentaci\u00f3n del envase Palamidas alfa 700<\/li>\n<li>Longitud de entrada m\u00e1x. 800 x 330 mm<\/li>\n<li>Altura de apilado 16 cm<\/li>\n<li>Beneficio triple<\/li>\n<li>Ajuste autom\u00e1tico del formato en el sentido de la marcha<\/li>\n<\/ul>\n","protected":false},"excerpt":{"rendered":"<p>Presentaci\u00f3n del envase Palamidas alfa 700 Longitud de entrada m\u00e1x. 800 x 330 mm Altura de apilado 16 cm Beneficio triple Ajuste autom\u00e1tico del formato en el sentido de la marcha<\/p>\n","protected":false},"featured_media":67420,"template":"","meta":[],"product_brand":[],"product_cat":[2913],"product_tag":[],"class_list":{"0":"post-92374","1":"product","2":"type-product","3":"status-publish","4":"has-post-thumbnail","6":"product_cat-gastos","7":"pa_baujahr-137","8":"pa_hersteller-palamides","9":"pa_typ-alpha-700-plus","11":"first","12":"instock","13":"sold-individually","14":"taxable","15":"shipping-taxable","16":"purchasable","17":"product-type-simple"},"jetpack_sharing_enabled":true,"_links":{"self":[{"href":"https:\/\/www.3p-gmbh.de\/es\/wp-json\/wp\/v2\/product\/92374","targetHints":{"allow":["GET"]}}],"collection":[{"href":"https:\/\/www.3p-gmbh.de\/es\/wp-json\/wp\/v2\/product"}],"about":[{"href":"https:\/\/www.3p-gmbh.de\/es\/wp-json\/wp\/v2\/types\/product"}],"wp:featuredmedia":[{"embeddable":true,"href":"https:\/\/www.3p-gmbh.de\/es\/wp-json\/wp\/v2\/media\/67420"}],"wp:attachment":[{"href":"https:\/\/www.3p-gmbh.de\/es\/wp-json\/wp\/v2\/media?parent=92374"}],"wp:term":[{"taxonomy":"product_brand","embeddable":true,"href":"https:\/\/www.3p-gmbh.de\/es\/wp-json\/wp\/v2\/product_brand?post=92374"},{"taxonomy":"product_cat","embeddable":true,"href":"https:\/\/www.3p-gmbh.de\/es\/wp-json\/wp\/v2\/product_cat?post=92374"},{"taxonomy":"product_tag","embeddable":true,"href":"https:\/\/www.3p-gmbh.de\/es\/wp-json\/wp\/v2\/product_tag?post=92374"}],"curies":[{"name":"wp","href":"https:\/\/api.w.org\/{rel}","templated":true}]}}