{"id":92368,"date":"2019-07-11T13:56:45","date_gmt":"2019-07-11T13:56:45","guid":{"rendered":"https:\/\/www.3p-gmbh.de\/produkt\/plegadora-de-cuatro-partes-heidelberg-vfz-52-h-de-acero\/"},"modified":"2019-07-11T13:56:45","modified_gmt":"2019-07-11T13:56:45","slug":"unidad-de-plegado-en-cuatro-partes","status":"publish","type":"product","link":"https:\/\/www.3p-gmbh.de\/es\/produkt\/unidad-de-plegado-en-cuatro-partes\/","title":{"rendered":"Plegadora de cuatro partes Heidelberg VFZ-52 H de acero"},"content":{"rendered":"<ul>\n<li>Max. Formato: 52 x 36 cm<\/li>\n<li>Min. Formato: 12 x 10 cm<\/li>\n<li>Velocidad: 160 m\/min<\/li>\n<li>Unidad de plegado de espadas m\u00f3vil y regulable en altura para complementar las plegadoras de placas de hebilla y combinadas<\/li>\n<li>Baja inversi\u00f3n para una mayor versatilidad en los tipos de pliegue<\/li>\n<li>Como tercera estaci\u00f3n de plegado en forma de U de f\u00e1cil manejo<\/li>\n<li>Al girar 180 grados la unidad de plegado de la espada, se pliega el cuadrado internacional<\/li>\n<li>Para conexi\u00f3n a m\u00e1quinas con mando MCT con enchufe redondo<\/li>\n<li>La conexi\u00f3n detr\u00e1s de una grapadora de grapa de acero es posible mediante una caja de acoplamiento disponible opcionalmente<\/li>\n<\/ul>\n","protected":false},"excerpt":{"rendered":"<p>Max. Formato: 52 x 36 cm Min. Formato: 12 x 10 cm Velocidad: 160 m\/min Unidad de plegado de espadas m\u00f3vil y regulable en altura para complementar las plegadoras de placas de hebilla y combinadas Baja inversi\u00f3n para una mayor versatilidad en los tipos de pliegue Como tercera estaci\u00f3n de plegado en forma de U [&hellip;]<\/p>\n","protected":false},"featured_media":85364,"template":"","meta":[],"product_brand":[],"product_cat":[2915],"product_tag":[],"class_list":{"0":"post-92368","1":"product","2":"type-product","3":"status-publish","4":"has-post-thumbnail","6":"product_cat-unidades-plegables","7":"pa_baujahr-127","8":"pa_hersteller-heidelberg-stahl","9":"pa_typ-stahlfolder-vfz-52-h","11":"first","12":"instock","13":"sold-individually","14":"taxable","15":"shipping-taxable","16":"purchasable","17":"product-type-simple"},"jetpack_sharing_enabled":true,"_links":{"self":[{"href":"https:\/\/www.3p-gmbh.de\/es\/wp-json\/wp\/v2\/product\/92368","targetHints":{"allow":["GET"]}}],"collection":[{"href":"https:\/\/www.3p-gmbh.de\/es\/wp-json\/wp\/v2\/product"}],"about":[{"href":"https:\/\/www.3p-gmbh.de\/es\/wp-json\/wp\/v2\/types\/product"}],"wp:featuredmedia":[{"embeddable":true,"href":"https:\/\/www.3p-gmbh.de\/es\/wp-json\/wp\/v2\/media\/85364"}],"wp:attachment":[{"href":"https:\/\/www.3p-gmbh.de\/es\/wp-json\/wp\/v2\/media?parent=92368"}],"wp:term":[{"taxonomy":"product_brand","embeddable":true,"href":"https:\/\/www.3p-gmbh.de\/es\/wp-json\/wp\/v2\/product_brand?post=92368"},{"taxonomy":"product_cat","embeddable":true,"href":"https:\/\/www.3p-gmbh.de\/es\/wp-json\/wp\/v2\/product_cat?post=92368"},{"taxonomy":"product_tag","embeddable":true,"href":"https:\/\/www.3p-gmbh.de\/es\/wp-json\/wp\/v2\/product_tag?post=92368"}],"curies":[{"name":"wp","href":"https:\/\/api.w.org\/{rel}","templated":true}]}}