{"id":92365,"date":"2019-07-11T13:56:55","date_gmt":"2019-07-11T13:56:55","guid":{"rendered":"https:\/\/www.3p-gmbh.de\/produkt\/c-p-bourg-bst-10-n-torre-de-aspiracion-de-aire\/"},"modified":"2019-07-11T13:56:55","modified_gmt":"2019-07-11T13:56:55","slug":"torre-de-recogida-de-aire-aspirado","status":"publish","type":"product","link":"https:\/\/www.3p-gmbh.de\/es\/produkt\/torre-de-recogida-de-aire-aspirado\/","title":{"rendered":"c. p. Bourg BST 10 N Torre de aspiraci\u00f3n de aire"},"content":{"rendered":"<ul>\n<li>con entrega a la izquierda para conjuntos agrupados<\/li>\n<li>con entrega compensada TD-d<\/li>\n<li>con aire de aspiraci\u00f3n, manejo mediante pantalla t\u00e1ctil<\/li>\n<li>Formato m\u00e1x. 35 x 52 cm<\/li>\n<li>Formato min. 11,5 x 20 cm<\/li>\n<\/ul>\n","protected":false},"excerpt":{"rendered":"<p>con entrega a la izquierda para conjuntos agrupados con entrega compensada TD-d con aire de aspiraci\u00f3n, manejo mediante pantalla t\u00e1ctil Formato m\u00e1x. 35 x 52 cm Formato min. 11,5 x 20 cm<\/p>\n","protected":false},"featured_media":67465,"template":"","meta":[],"product_brand":[],"product_cat":[3044],"product_tag":[],"class_list":{"0":"post-92365","1":"product","2":"type-product","3":"status-publish","4":"has-post-thumbnail","6":"product_cat-maquinas-recolectoras","7":"pa_baujahr-140","8":"pa_hersteller-c-p-bourg","9":"pa_typ-bst-10n","11":"first","12":"instock","13":"sold-individually","14":"taxable","15":"shipping-taxable","16":"purchasable","17":"product-type-simple"},"jetpack_sharing_enabled":true,"_links":{"self":[{"href":"https:\/\/www.3p-gmbh.de\/es\/wp-json\/wp\/v2\/product\/92365","targetHints":{"allow":["GET"]}}],"collection":[{"href":"https:\/\/www.3p-gmbh.de\/es\/wp-json\/wp\/v2\/product"}],"about":[{"href":"https:\/\/www.3p-gmbh.de\/es\/wp-json\/wp\/v2\/types\/product"}],"wp:featuredmedia":[{"embeddable":true,"href":"https:\/\/www.3p-gmbh.de\/es\/wp-json\/wp\/v2\/media\/67465"}],"wp:attachment":[{"href":"https:\/\/www.3p-gmbh.de\/es\/wp-json\/wp\/v2\/media?parent=92365"}],"wp:term":[{"taxonomy":"product_brand","embeddable":true,"href":"https:\/\/www.3p-gmbh.de\/es\/wp-json\/wp\/v2\/product_brand?post=92365"},{"taxonomy":"product_cat","embeddable":true,"href":"https:\/\/www.3p-gmbh.de\/es\/wp-json\/wp\/v2\/product_cat?post=92365"},{"taxonomy":"product_tag","embeddable":true,"href":"https:\/\/www.3p-gmbh.de\/es\/wp-json\/wp\/v2\/product_tag?post=92365"}],"curies":[{"name":"wp","href":"https:\/\/api.w.org\/{rel}","templated":true}]}}