{"id":92359,"date":"2019-07-11T13:56:55","date_gmt":"2019-07-11T13:56:55","guid":{"rendered":"https:\/\/www.3p-gmbh.de\/produkt\/horizon-vac-100-maquina-combinada-de-succion-de-aire\/"},"modified":"2019-07-11T13:56:55","modified_gmt":"2019-07-11T13:56:55","slug":"colador-de-aire-aspirado","status":"publish","type":"product","link":"https:\/\/www.3p-gmbh.de\/es\/produkt\/colador-de-aire-aspirado\/","title":{"rendered":"Horizon VAC 100 M\u00e1quina combinada de succi\u00f3n de aire"},"content":{"rendered":"<ul>\n<li>20 estaciones VAC 100a+m con entrega apilable ST-40 izquierda<\/li>\n<li>A\u00f1o de fabricaci\u00f3n 2007<\/li>\n<li>Velocidad: hasta 5.000 ciclos\/h con 20 estaciones<\/li>\n<li>Detecci\u00f3n de errores: falta de hoja, doble hoja, atasco<\/li>\n<li>Control de las funciones de la m\u00e1quina mediante pantalla t\u00e1ctil<\/li>\n<li>para papeles de gramaje comprendido entre 50 y 210 g\/m\u00b2.<\/li>\n<li>Gama de formatos de 148&#215;148 mm a 350 x 500 mm<\/li>\n<li>55 mm de altura de apilado por compartimento<\/li>\n<li>Gramaje del material 80-300 gramos\/m2<\/li>\n<li>Compresor EAB-100<\/li>\n<\/ul>\n","protected":false},"excerpt":{"rendered":"<p>20 estaciones VAC 100a+m con entrega apilable ST-40 izquierda A\u00f1o de fabricaci\u00f3n 2007 Velocidad: hasta 5.000 ciclos\/h con 20 estaciones Detecci\u00f3n de errores: falta de hoja, doble hoja, atasco Control de las funciones de la m\u00e1quina mediante pantalla t\u00e1ctil para papeles de gramaje comprendido entre 50 y 210 g\/m\u00b2. Gama de formatos de 148&#215;148 mm [&hellip;]<\/p>\n","protected":false},"featured_media":62500,"template":"","meta":[],"product_brand":[],"product_cat":[3044],"product_tag":[],"class_list":{"0":"post-92359","1":"product","2":"type-product","3":"status-publish","4":"has-post-thumbnail","6":"product_cat-maquinas-recolectoras","7":"pa_baujahr-140","8":"pa_hersteller-horizon","9":"pa_typ-vac-100am-st-40","11":"first","12":"instock","13":"sold-individually","14":"taxable","15":"shipping-taxable","16":"purchasable","17":"product-type-simple"},"jetpack_sharing_enabled":true,"_links":{"self":[{"href":"https:\/\/www.3p-gmbh.de\/es\/wp-json\/wp\/v2\/product\/92359","targetHints":{"allow":["GET"]}}],"collection":[{"href":"https:\/\/www.3p-gmbh.de\/es\/wp-json\/wp\/v2\/product"}],"about":[{"href":"https:\/\/www.3p-gmbh.de\/es\/wp-json\/wp\/v2\/types\/product"}],"wp:featuredmedia":[{"embeddable":true,"href":"https:\/\/www.3p-gmbh.de\/es\/wp-json\/wp\/v2\/media\/62500"}],"wp:attachment":[{"href":"https:\/\/www.3p-gmbh.de\/es\/wp-json\/wp\/v2\/media?parent=92359"}],"wp:term":[{"taxonomy":"product_brand","embeddable":true,"href":"https:\/\/www.3p-gmbh.de\/es\/wp-json\/wp\/v2\/product_brand?post=92359"},{"taxonomy":"product_cat","embeddable":true,"href":"https:\/\/www.3p-gmbh.de\/es\/wp-json\/wp\/v2\/product_cat?post=92359"},{"taxonomy":"product_tag","embeddable":true,"href":"https:\/\/www.3p-gmbh.de\/es\/wp-json\/wp\/v2\/product_tag?post=92359"}],"curies":[{"name":"wp","href":"https:\/\/api.w.org\/{rel}","templated":true}]}}