{"id":92352,"date":"2019-07-11T13:56:55","date_gmt":"2019-07-11T13:56:55","guid":{"rendered":"https:\/\/www.3p-gmbh.de\/produkt\/horizon-hac-torre-de-clasificacion-de-15-m\/"},"modified":"2019-07-11T13:56:55","modified_gmt":"2019-07-11T13:56:55","slug":"torre-de-compilacion","status":"publish","type":"product","link":"https:\/\/www.3p-gmbh.de\/es\/produkt\/torre-de-compilacion\/","title":{"rendered":"Horizon HAC Torre de clasificaci\u00f3n de 15 m"},"content":{"rendered":"<ul>\n<li>2 torres de clasificaci\u00f3n HAC 15m<\/li>\n<li>15 estaciones cada alimentador de fricci\u00f3n con 40 mm de altura de carga cada uno<\/li>\n<li>Tama\u00f1o de papel m\u00e1x. 31,8 x 47 mm<\/li>\n<li>Tama\u00f1o de papel m\u00edn. 14,8 x 21 mm<\/li>\n<li>Control de falta\/doble hoja<\/li>\n<li>Gramaje del papel 40 &#8211; 200 g\/m2<\/li>\n<li>Rendimiento aprox. 4800 ciclos\/h<\/li>\n<\/ul>\n","protected":false},"excerpt":{"rendered":"<p>2 torres de clasificaci\u00f3n HAC 15m 15 estaciones cada alimentador de fricci\u00f3n con 40 mm de altura de carga cada uno Tama\u00f1o de papel m\u00e1x. 31,8 x 47 mm Tama\u00f1o de papel m\u00edn. 14,8 x 21 mm Control de falta\/doble hoja Gramaje del papel 40 &#8211; 200 g\/m2 Rendimiento aprox. 4800 ciclos\/h<\/p>\n","protected":false},"featured_media":67594,"template":"","meta":[],"product_brand":[],"product_cat":[3044],"product_tag":[],"class_list":{"0":"post-92352","1":"product","2":"type-product","3":"status-publish","4":"has-post-thumbnail","6":"product_cat-maquinas-recolectoras","7":"pa_baujahr-155","8":"pa_hersteller-horizon","9":"pa_typ-hac-15m","11":"first","12":"instock","13":"sold-individually","14":"taxable","15":"shipping-taxable","16":"purchasable","17":"product-type-simple"},"jetpack_sharing_enabled":true,"_links":{"self":[{"href":"https:\/\/www.3p-gmbh.de\/es\/wp-json\/wp\/v2\/product\/92352","targetHints":{"allow":["GET"]}}],"collection":[{"href":"https:\/\/www.3p-gmbh.de\/es\/wp-json\/wp\/v2\/product"}],"about":[{"href":"https:\/\/www.3p-gmbh.de\/es\/wp-json\/wp\/v2\/types\/product"}],"wp:featuredmedia":[{"embeddable":true,"href":"https:\/\/www.3p-gmbh.de\/es\/wp-json\/wp\/v2\/media\/67594"}],"wp:attachment":[{"href":"https:\/\/www.3p-gmbh.de\/es\/wp-json\/wp\/v2\/media?parent=92352"}],"wp:term":[{"taxonomy":"product_brand","embeddable":true,"href":"https:\/\/www.3p-gmbh.de\/es\/wp-json\/wp\/v2\/product_brand?post=92352"},{"taxonomy":"product_cat","embeddable":true,"href":"https:\/\/www.3p-gmbh.de\/es\/wp-json\/wp\/v2\/product_cat?post=92352"},{"taxonomy":"product_tag","embeddable":true,"href":"https:\/\/www.3p-gmbh.de\/es\/wp-json\/wp\/v2\/product_tag?post=92352"}],"curies":[{"name":"wp","href":"https:\/\/api.w.org\/{rel}","templated":true}]}}