{"id":92351,"date":"2019-07-11T13:56:55","date_gmt":"2019-07-11T13:56:55","guid":{"rendered":"https:\/\/www.3p-gmbh.de\/produkt\/recolectora-theisen-bonitz-eco-a-308-fp\/"},"modified":"2019-07-11T13:56:55","modified_gmt":"2019-07-11T13:56:55","slug":"maquina-de-montaje-6","status":"publish","type":"product","link":"https:\/\/www.3p-gmbh.de\/es\/produkt\/maquina-de-montaje-6\/","title":{"rendered":"Recolectora Theisen &amp; Bonitz Eco A 308 FP"},"content":{"rendered":"<ul>\n<li>Relojes 3100\/hora<\/li>\n<li>8 estaciones<\/li>\n<li>Altura de apilado 5 cm<\/li>\n<li>Grosor del papel: 20 &#8211; 1000 g<\/li>\n<li>Tama\u00f1o del papel: m\u00edn. 10,5 x 14,8 cm<\/li>\n<li>Tama\u00f1o del papel: m\u00e1x. 31 x 43 cm<\/li>\n<\/ul>\n","protected":false},"excerpt":{"rendered":"<p>Relojes 3100\/hora 8 estaciones Altura de apilado 5 cm Grosor del papel: 20 &#8211; 1000 g Tama\u00f1o del papel: m\u00edn. 10,5 x 14,8 cm Tama\u00f1o del papel: m\u00e1x. 31 x 43 cm<\/p>\n","protected":false},"featured_media":67600,"template":"","meta":[],"product_brand":[],"product_cat":[3044],"product_tag":[],"class_list":{"0":"post-92351","1":"product","2":"type-product","3":"status-publish","4":"has-post-thumbnail","6":"product_cat-maquinas-recolectoras","7":"pa_baujahr-130","8":"pa_hersteller-theisen-bonitz","9":"pa_typ-tb-eco-a-308-fp","11":"first","12":"instock","13":"sold-individually","14":"taxable","15":"shipping-taxable","16":"purchasable","17":"product-type-simple"},"jetpack_sharing_enabled":true,"_links":{"self":[{"href":"https:\/\/www.3p-gmbh.de\/es\/wp-json\/wp\/v2\/product\/92351","targetHints":{"allow":["GET"]}}],"collection":[{"href":"https:\/\/www.3p-gmbh.de\/es\/wp-json\/wp\/v2\/product"}],"about":[{"href":"https:\/\/www.3p-gmbh.de\/es\/wp-json\/wp\/v2\/types\/product"}],"wp:featuredmedia":[{"embeddable":true,"href":"https:\/\/www.3p-gmbh.de\/es\/wp-json\/wp\/v2\/media\/67600"}],"wp:attachment":[{"href":"https:\/\/www.3p-gmbh.de\/es\/wp-json\/wp\/v2\/media?parent=92351"}],"wp:term":[{"taxonomy":"product_brand","embeddable":true,"href":"https:\/\/www.3p-gmbh.de\/es\/wp-json\/wp\/v2\/product_brand?post=92351"},{"taxonomy":"product_cat","embeddable":true,"href":"https:\/\/www.3p-gmbh.de\/es\/wp-json\/wp\/v2\/product_cat?post=92351"},{"taxonomy":"product_tag","embeddable":true,"href":"https:\/\/www.3p-gmbh.de\/es\/wp-json\/wp\/v2\/product_tag?post=92351"}],"curies":[{"name":"wp","href":"https:\/\/api.w.org\/{rel}","templated":true}]}}