{"id":92338,"date":"2019-07-11T13:56:55","date_gmt":"2019-07-11T13:56:55","guid":{"rendered":"https:\/\/www.3p-gmbh.de\/produkt\/maquina-insertadora-muller-martini-227\/"},"modified":"2019-07-11T13:56:55","modified_gmt":"2019-07-11T13:56:55","slug":"maquina-enchufable","status":"publish","type":"product","link":"https:\/\/www.3p-gmbh.de\/es\/produkt\/maquina-enchufable\/","title":{"rendered":"M\u00e1quina insertadora Muller Martini 227"},"content":{"rendered":"<ul>\n<li>1 Principal producto inversor<\/li>\n<li>1 Estaci\u00f3n de apertura de aspiraci\u00f3n<\/li>\n<li>2 puestos de alimentaci\u00f3n por inserci\u00f3n<\/li>\n<li>1 apilador compensador<\/li>\n<li>Formato producto principal m\u00e1x. 400 x 320 mm<\/li>\n<li>Formato producto principal m\u00edn. 210 x 148 mm<\/li>\n<li>N\u00famero de p\u00e1ginas producto principal m\u00e1x. 96 p\u00e1ginas<\/li>\n<li>N\u00famero de p\u00e1ginas producto principal m\u00edn. 8-12 p\u00e1ginas<\/li>\n<li>Tama\u00f1o m\u00e1ximo del inserto 400 x 320 mm<\/li>\n<li>Formato encarte min 148 x 105 mm<\/li>\n<li>N\u00famero de p\u00e1ginas Suplemento m\u00e1x. 64 p\u00e1ginas<\/li>\n<li>N\u00famero de p\u00e1ginas Suplemento m\u00edn. 2 p\u00e1ginas<\/li>\n<li>Rendimiento m\u00e1ximo 14000 ciclos\/h<\/li>\n<\/ul>\n","protected":false},"excerpt":{"rendered":"<p>1 Principal producto inversor 1 Estaci\u00f3n de apertura de aspiraci\u00f3n 2 puestos de alimentaci\u00f3n por inserci\u00f3n 1 apilador compensador Formato producto principal m\u00e1x. 400 x 320 mm Formato producto principal m\u00edn. 210 x 148 mm N\u00famero de p\u00e1ginas producto principal m\u00e1x. 96 p\u00e1ginas N\u00famero de p\u00e1ginas producto principal m\u00edn. 8-12 p\u00e1ginas Tama\u00f1o m\u00e1ximo del inserto [&hellip;]<\/p>\n","protected":false},"featured_media":67558,"template":"","meta":[],"product_brand":[],"product_cat":[3124],"product_tag":[],"class_list":{"0":"post-92338","1":"product","2":"type-product","3":"status-publish","4":"has-post-thumbnail","6":"product_cat-maquinas-insertadoras","7":"pa_baujahr-150","8":"pa_hersteller-mueller-martini","9":"pa_typ-1058","11":"first","12":"instock","13":"sold-individually","14":"taxable","15":"shipping-taxable","16":"purchasable","17":"product-type-simple"},"jetpack_sharing_enabled":true,"_links":{"self":[{"href":"https:\/\/www.3p-gmbh.de\/es\/wp-json\/wp\/v2\/product\/92338","targetHints":{"allow":["GET"]}}],"collection":[{"href":"https:\/\/www.3p-gmbh.de\/es\/wp-json\/wp\/v2\/product"}],"about":[{"href":"https:\/\/www.3p-gmbh.de\/es\/wp-json\/wp\/v2\/types\/product"}],"wp:featuredmedia":[{"embeddable":true,"href":"https:\/\/www.3p-gmbh.de\/es\/wp-json\/wp\/v2\/media\/67558"}],"wp:attachment":[{"href":"https:\/\/www.3p-gmbh.de\/es\/wp-json\/wp\/v2\/media?parent=92338"}],"wp:term":[{"taxonomy":"product_brand","embeddable":true,"href":"https:\/\/www.3p-gmbh.de\/es\/wp-json\/wp\/v2\/product_brand?post=92338"},{"taxonomy":"product_cat","embeddable":true,"href":"https:\/\/www.3p-gmbh.de\/es\/wp-json\/wp\/v2\/product_cat?post=92338"},{"taxonomy":"product_tag","embeddable":true,"href":"https:\/\/www.3p-gmbh.de\/es\/wp-json\/wp\/v2\/product_tag?post=92338"}],"curies":[{"name":"wp","href":"https:\/\/api.w.org\/{rel}","templated":true}]}}