{"id":92334,"date":"2019-07-11T13:56:55","date_gmt":"2019-07-11T13:56:55","guid":{"rendered":"https:\/\/www.3p-gmbh.de\/produkt\/maquina-intercaladora-de-modulos-c-p-bourg\/"},"modified":"2019-07-11T13:56:55","modified_gmt":"2019-07-11T13:56:55","slug":"maquina-de-montaje-5","status":"publish","type":"product","link":"https:\/\/www.3p-gmbh.de\/es\/produkt\/maquina-de-montaje-5\/","title":{"rendered":"M\u00e1quina intercaladora de m\u00f3dulos c. p. Bourg"},"content":{"rendered":"<ul>\n<li>7 alimentadores autom\u00e1ticos de pila alta (uno defectuoso) y un vibrador offset TA 860<\/li>\n<li>Tama\u00f1o m\u00ednimo de la hoja: 140 x 175 mm<\/li>\n<li>Tama\u00f1o m\u00e1ximo de la hoja: 350 x 500 mm<\/li>\n<li>Velocidad de 1.500 a 6.000 por hora<\/li>\n<\/ul>\n","protected":false},"excerpt":{"rendered":"<p>7 alimentadores autom\u00e1ticos de pila alta (uno defectuoso) y un vibrador offset TA 860 Tama\u00f1o m\u00ednimo de la hoja: 140 x 175 mm Tama\u00f1o m\u00e1ximo de la hoja: 350 x 500 mm Velocidad de 1.500 a 6.000 por hora<\/p>\n","protected":false},"featured_media":67525,"template":"","meta":[],"product_brand":[],"product_cat":[3044],"product_tag":[],"class_list":{"0":"post-92334","1":"product","2":"type-product","3":"status-publish","4":"has-post-thumbnail","6":"product_cat-maquinas-recolectoras","7":"pa_baujahr-133","8":"pa_hersteller-c-p-bourg","9":"pa_typ-modulen","11":"first","12":"instock","13":"sold-individually","14":"taxable","15":"shipping-taxable","16":"purchasable","17":"product-type-simple"},"jetpack_sharing_enabled":true,"_links":{"self":[{"href":"https:\/\/www.3p-gmbh.de\/es\/wp-json\/wp\/v2\/product\/92334","targetHints":{"allow":["GET"]}}],"collection":[{"href":"https:\/\/www.3p-gmbh.de\/es\/wp-json\/wp\/v2\/product"}],"about":[{"href":"https:\/\/www.3p-gmbh.de\/es\/wp-json\/wp\/v2\/types\/product"}],"wp:featuredmedia":[{"embeddable":true,"href":"https:\/\/www.3p-gmbh.de\/es\/wp-json\/wp\/v2\/media\/67525"}],"wp:attachment":[{"href":"https:\/\/www.3p-gmbh.de\/es\/wp-json\/wp\/v2\/media?parent=92334"}],"wp:term":[{"taxonomy":"product_brand","embeddable":true,"href":"https:\/\/www.3p-gmbh.de\/es\/wp-json\/wp\/v2\/product_brand?post=92334"},{"taxonomy":"product_cat","embeddable":true,"href":"https:\/\/www.3p-gmbh.de\/es\/wp-json\/wp\/v2\/product_cat?post=92334"},{"taxonomy":"product_tag","embeddable":true,"href":"https:\/\/www.3p-gmbh.de\/es\/wp-json\/wp\/v2\/product_tag?post=92334"}],"curies":[{"name":"wp","href":"https:\/\/api.w.org\/{rel}","templated":true}]}}