{"id":92333,"date":"2019-07-11T13:56:55","date_gmt":"2019-07-11T13:56:55","guid":{"rendered":"https:\/\/www.3p-gmbh.de\/produkt\/mesa-abatible-apilable-horizon-st-20\/"},"modified":"2019-07-11T13:56:55","modified_gmt":"2019-07-11T13:56:55","slug":"mesa-abatible-apilable","status":"publish","type":"product","link":"https:\/\/www.3p-gmbh.de\/es\/produkt\/mesa-abatible-apilable\/","title":{"rendered":"Mesa abatible apilable Horizon ST-20"},"content":{"rendered":"<ul>\n<li>apila los juegos acabados de forma lisa o desplazada lateralmente detr\u00e1s de las torres de intercalaci\u00f3n<\/li>\n<li>Formato m\u00e1x. 310x450mm<\/li>\n<li>Formato min. 128x185mm<\/li>\n<li>con carro de reparto rodante<\/li>\n<\/ul>\n","protected":false},"excerpt":{"rendered":"<p>apila los juegos acabados de forma lisa o desplazada lateralmente detr\u00e1s de las torres de intercalaci\u00f3n Formato m\u00e1x. 310x450mm Formato min. 128x185mm con carro de reparto rodante<\/p>\n","protected":false},"featured_media":67477,"template":"","meta":[],"product_brand":[],"product_cat":[3044],"product_tag":[],"class_list":{"0":"post-92333","1":"product","2":"type-product","3":"status-publish","4":"has-post-thumbnail","6":"product_cat-maquinas-recolectoras","7":"pa_baujahr-198","8":"pa_hersteller-horizon","9":"pa_typ-st-20","11":"first","12":"instock","13":"sold-individually","14":"taxable","15":"shipping-taxable","16":"purchasable","17":"product-type-simple"},"jetpack_sharing_enabled":true,"_links":{"self":[{"href":"https:\/\/www.3p-gmbh.de\/es\/wp-json\/wp\/v2\/product\/92333","targetHints":{"allow":["GET"]}}],"collection":[{"href":"https:\/\/www.3p-gmbh.de\/es\/wp-json\/wp\/v2\/product"}],"about":[{"href":"https:\/\/www.3p-gmbh.de\/es\/wp-json\/wp\/v2\/types\/product"}],"wp:featuredmedia":[{"embeddable":true,"href":"https:\/\/www.3p-gmbh.de\/es\/wp-json\/wp\/v2\/media\/67477"}],"wp:attachment":[{"href":"https:\/\/www.3p-gmbh.de\/es\/wp-json\/wp\/v2\/media?parent=92333"}],"wp:term":[{"taxonomy":"product_brand","embeddable":true,"href":"https:\/\/www.3p-gmbh.de\/es\/wp-json\/wp\/v2\/product_brand?post=92333"},{"taxonomy":"product_cat","embeddable":true,"href":"https:\/\/www.3p-gmbh.de\/es\/wp-json\/wp\/v2\/product_cat?post=92333"},{"taxonomy":"product_tag","embeddable":true,"href":"https:\/\/www.3p-gmbh.de\/es\/wp-json\/wp\/v2\/product_tag?post=92333"}],"curies":[{"name":"wp","href":"https:\/\/api.w.org\/{rel}","templated":true}]}}