{"id":92326,"date":"2019-07-11T13:57:02","date_gmt":"2019-07-11T13:57:02","guid":{"rendered":"https:\/\/www.3p-gmbh.de\/produkt\/ehlermann-ztm-222-maquina-intercaladora-de-pliegos\/"},"modified":"2019-07-11T13:57:02","modified_gmt":"2019-07-11T13:57:02","slug":"intercalador-de-capas-de-firmas","status":"publish","type":"product","link":"https:\/\/www.3p-gmbh.de\/es\/produkt\/intercalador-de-capas-de-firmas\/","title":{"rendered":"Ehlermann ZTM 222 M\u00e1quina intercaladora de pliegos"},"content":{"rendered":"<ul>\n<li>Clasificadora por capas con 14 estaciones y alimentaci\u00f3n manual Ehlermann (sucesora de Wohlenberg) ZTM 222<\/li>\n<li>con falta de control de hoja, control de espesor<\/li>\n<li>A\u00f1o de construcci\u00f3n 1974, convertido a servoaccionamiento en 2000<\/li>\n<li>Formato m\u00e1ximo 320 x 360 mm<\/li>\n<li>Formato m\u00edn. 70 x 105 mm<\/li>\n<li>Velocidad 5100 ciclos<\/li>\n<\/ul>\n","protected":false},"excerpt":{"rendered":"<p>Clasificadora por capas con 14 estaciones y alimentaci\u00f3n manual Ehlermann (sucesora de Wohlenberg) ZTM 222 con falta de control de hoja, control de espesor A\u00f1o de construcci\u00f3n 1974, convertido a servoaccionamiento en 2000 Formato m\u00e1ximo 320 x 360 mm Formato m\u00edn. 70 x 105 mm Velocidad 5100 ciclos<\/p>\n","protected":false},"featured_media":67633,"template":"","meta":[],"product_brand":[],"product_cat":[3044],"product_tag":[],"class_list":{"0":"post-92326","1":"product","2":"type-product","3":"status-publish","4":"has-post-thumbnail","6":"product_cat-maquinas-recolectoras","7":"pa_baujahr-1066","8":"pa_hersteller-ehlermann-wohlenberg","9":"pa_typ-ztm-222","11":"first","12":"instock","13":"sold-individually","14":"taxable","15":"shipping-taxable","16":"purchasable","17":"product-type-simple"},"jetpack_sharing_enabled":true,"_links":{"self":[{"href":"https:\/\/www.3p-gmbh.de\/es\/wp-json\/wp\/v2\/product\/92326","targetHints":{"allow":["GET"]}}],"collection":[{"href":"https:\/\/www.3p-gmbh.de\/es\/wp-json\/wp\/v2\/product"}],"about":[{"href":"https:\/\/www.3p-gmbh.de\/es\/wp-json\/wp\/v2\/types\/product"}],"wp:featuredmedia":[{"embeddable":true,"href":"https:\/\/www.3p-gmbh.de\/es\/wp-json\/wp\/v2\/media\/67633"}],"wp:attachment":[{"href":"https:\/\/www.3p-gmbh.de\/es\/wp-json\/wp\/v2\/media?parent=92326"}],"wp:term":[{"taxonomy":"product_brand","embeddable":true,"href":"https:\/\/www.3p-gmbh.de\/es\/wp-json\/wp\/v2\/product_brand?post=92326"},{"taxonomy":"product_cat","embeddable":true,"href":"https:\/\/www.3p-gmbh.de\/es\/wp-json\/wp\/v2\/product_cat?post=92326"},{"taxonomy":"product_tag","embeddable":true,"href":"https:\/\/www.3p-gmbh.de\/es\/wp-json\/wp\/v2\/product_tag?post=92326"}],"curies":[{"name":"wp","href":"https:\/\/api.w.org\/{rel}","templated":true}]}}